{"id":229,"date":"2020-03-07T22:39:50","date_gmt":"2020-03-07T21:39:50","guid":{"rendered":"https:\/\/notredamedechine.fr\/?page_id=229"},"modified":"2020-03-07T22:39:51","modified_gmt":"2020-03-07T21:39:51","slug":"equipe-sacerdotale","status":"publish","type":"page","link":"https:\/\/notredamedechine.fr\/?page_id=229","title":{"rendered":"\u00c9quipe sacerdotale"},"content":{"rendered":"\n<p>Les pr\u00eatres de la paroisse sont : P\u00e8re AN, P\u00e8re LI<\/p>\n","protected":false},"excerpt":{"rendered":"<p>Les pr\u00eatres de la paroisse sont : P\u00e8re AN, P\u00e8re LI<\/p>\n","protected":false},"author":4,"featured_media":0,"parent":0,"menu_order":0,"comment_status":"closed","ping_status":"closed","template":"","meta":{"footnotes":""},"class_list":["post-229","page","type-page","status-publish","hentry"],"_links":{"self":[{"href":"https:\/\/notredamedechine.fr\/index.php?rest_route=\/wp\/v2\/pages\/229","targetHints":{"allow":["GET"]}}],"collection":[{"href":"https:\/\/notredamedechine.fr\/index.php?rest_route=\/wp\/v2\/pages"}],"about":[{"href":"https:\/\/notredamedechine.fr\/index.php?rest_route=\/wp\/v2\/types\/page"}],"author":[{"embeddable":true,"href":"https:\/\/notredamedechine.fr\/index.php?rest_route=\/wp\/v2\/users\/4"}],"replies":[{"embeddable":true,"href":"https:\/\/notredamedechine.fr\/index.php?rest_route=%2Fwp%2Fv2%2Fcomments&post=229"}],"version-history":[{"count":1,"href":"https:\/\/notredamedechine.fr\/index.php?rest_route=\/wp\/v2\/pages\/229\/revisions"}],"predecessor-version":[{"id":230,"href":"https:\/\/notredamedechine.fr\/index.php?rest_route=\/wp\/v2\/pages\/229\/revisions\/230"}],"wp:attachment":[{"href":"https:\/\/notredamedechine.fr\/index.php?rest_route=%2Fwp%2Fv2%2Fmedia&parent=229"}],"curies":[{"name":"wp","href":"https:\/\/api.w.org\/{rel}","templated":true}]}}