{"id":23,"date":"2018-06-01T17:28:54","date_gmt":"2018-06-01T15:28:54","guid":{"rendered":"http:\/\/notredamedechine.fr\/?page_id=23"},"modified":"2020-04-05T21:53:53","modified_gmt":"2020-04-05T19:53:53","slug":"%e5%a0%82%e5%8c%ba%e5%b8%b8%e5%b9%b4%e5%9b%ba%e5%ae%9a%e6%b4%bb%e5%8a%a8-activites-permanentes-de-la-mission-catholique-chinoise-de-paris","status":"publish","type":"page","link":"https:\/\/notredamedechine.fr\/?page_id=23","title":{"rendered":"Formations d\u2019\u00e9veil \u00e0 la foi"},"content":{"rendered":"<h4><strong>Evangile des enfants<\/strong><\/h4>\n<p><img loading=\"lazy\" decoding=\"async\" class=\"alignnone  wp-image-502\" src=\"https:\/\/notredamedechine.fr\/wp-content\/uploads\/2020\/04\/p.24-\u00e9veil-\u00e0-la-Foi-300x169.jpg\" alt=\"\" width=\"340\" height=\"191\" srcset=\"https:\/\/notredamedechine.fr\/wp-content\/uploads\/2020\/04\/p.24-\u00e9veil-\u00e0-la-Foi-300x169.jpg 300w, https:\/\/notredamedechine.fr\/wp-content\/uploads\/2020\/04\/p.24-\u00e9veil-\u00e0-la-Foi-1024x576.jpg 1024w, https:\/\/notredamedechine.fr\/wp-content\/uploads\/2020\/04\/p.24-\u00e9veil-\u00e0-la-Foi-768x432.jpg 768w, https:\/\/notredamedechine.fr\/wp-content\/uploads\/2020\/04\/p.24-\u00e9veil-\u00e0-la-Foi-1536x864.jpg 1536w, https:\/\/notredamedechine.fr\/wp-content\/uploads\/2020\/04\/p.24-\u00e9veil-\u00e0-la-Foi.jpg 1920w\" sizes=\"auto, (max-width: 340px) 100vw, 340px\" \/><\/p>\n<p>Pendant la messe dominicale, les enfants sont appel\u00e9s \u00e0 se r\u00e9unir \u00e0 part pour \u00e9couter l\u2019explication de l\u2019Evangile du jour.<\/p>\n<p>Les horaires sont : de 11h40 \u00e0 12h10 \u00e0 Notre Dame de Chine ; de 15h40 \u00e0 16h10 \u00e0 l\u2019Eglise Sainte Elisabeth.<\/p>\n<h4><strong>Cat\u00e9ch\u00e8se des enfants<\/strong><\/h4>\n<p><img loading=\"lazy\" decoding=\"async\" class=\"alignnone  wp-image-501\" src=\"https:\/\/notredamedechine.fr\/wp-content\/uploads\/2020\/04\/p.24.1-300x225.jpg\" alt=\"\" width=\"330\" height=\"247\" srcset=\"https:\/\/notredamedechine.fr\/wp-content\/uploads\/2020\/04\/p.24.1-300x225.jpg 300w, https:\/\/notredamedechine.fr\/wp-content\/uploads\/2020\/04\/p.24.1-1024x768.jpg 1024w, https:\/\/notredamedechine.fr\/wp-content\/uploads\/2020\/04\/p.24.1-768x576.jpg 768w, https:\/\/notredamedechine.fr\/wp-content\/uploads\/2020\/04\/p.24.1.jpg 1440w\" sizes=\"auto, (max-width: 330px) 100vw, 330px\" \/><\/p>\n<p>Le cat\u00e9chisme est enseign\u00e9 aux enfants pour \u00e9veiller leur foi. Trois niveaux sont organis\u00e9s selon l\u2019\u00e2ge des enfants : Niveau 1 est pour les enfants de 3 \u00e0 6 ans ; Niveau 2 : de 7 \u00e0 9 ; Niveau 3 : de 10 \u00e0 12 ans. L\u2019enseignement est donn\u00e9 en fran\u00e7ais et chinois.<\/p>\n<p>Les horaires de la cat\u00e9ch\u00e8se : Le samedi de 12h30 \u00e0 14h, de 16h \u00e0 17h ; le dimanche de 10h15 \u00e0 11h15 \u00e0 Notre de Dame de Chine ; Le dimanche de 16h45 \u00e0 18h \u00e0 l\u2019\u00e9glise Sainte Elisabeth.<\/p>\n<h4><strong>Aum\u00f4nerie des jeunes<\/strong><\/h4>\n<p><img loading=\"lazy\" decoding=\"async\" class=\"alignnone  wp-image-529\" src=\"https:\/\/notredamedechine.fr\/wp-content\/uploads\/2020\/04\/p.25-aumonerie-des-jeunes-1-1-300x225.jpg\" alt=\"\" width=\"343\" height=\"257\" srcset=\"https:\/\/notredamedechine.fr\/wp-content\/uploads\/2020\/04\/p.25-aumonerie-des-jeunes-1-1-300x225.jpg 300w, https:\/\/notredamedechine.fr\/wp-content\/uploads\/2020\/04\/p.25-aumonerie-des-jeunes-1-1-1024x768.jpg 1024w, https:\/\/notredamedechine.fr\/wp-content\/uploads\/2020\/04\/p.25-aumonerie-des-jeunes-1-1-768x576.jpg 768w, https:\/\/notredamedechine.fr\/wp-content\/uploads\/2020\/04\/p.25-aumonerie-des-jeunes-1-1-1536x1152.jpg 1536w, https:\/\/notredamedechine.fr\/wp-content\/uploads\/2020\/04\/p.25-aumonerie-des-jeunes-1-1-2048x1536.jpg 2048w\" sizes=\"auto, (max-width: 343px) 100vw, 343px\" \/><\/p>\n<p>La paroisse r\u00e9unit les jeunes tous les dimanches afin qu\u2019ils \u00e9tudient ensemble l\u2019Evangile. C\u2019est aussi \u00e0 l\u2019aum\u00f4nerie des jeunes de la paroisse que les adolescents de 13 \u00e0 17 ans se pr\u00e9parent au sacrement du Bapt\u00eame ou de la Confirmation. L\u2019Aum\u00f4nerie organise aussi des p\u00e8lerinages, visites, soir\u00e9es et d\u2019autres activit\u00e9s r\u00e9guli\u00e8res.<\/p>\n<p>\u00c9glise Notre-Dame de Chine : Formation le dimanche de 10h15 \u00e0 11h15\u00a0; Activit\u00e9s r\u00e9guli\u00e8res le dimanche de 16h \u00e0 19h.<\/p>\n\n\n<p><\/p>\n","protected":false},"excerpt":{"rendered":"<p>Evangile des enfants Pendant la messe dominicale, les enfants sont appel\u00e9s \u00e0 se r\u00e9unir \u00e0 part pour \u00e9couter l\u2019explication de l\u2019Evangile du jour. Les horaires sont : de 11h40 \u00e0 12h10 \u00e0 Notre Dame de Chine ; de 15h40 \u00e0 16h10 \u00e0 l\u2019Eglise Sainte Elisabeth. Cat\u00e9ch\u00e8se des enfants Le cat\u00e9chisme est enseign\u00e9 aux enfants pour [&hellip;]<\/p>\n","protected":false},"author":2,"featured_media":47,"parent":0,"menu_order":0,"comment_status":"closed","ping_status":"closed","template":"","meta":{"footnotes":""},"class_list":["post-23","page","type-page","status-publish","has-post-thumbnail","hentry"],"_links":{"self":[{"href":"https:\/\/notredamedechine.fr\/index.php?rest_route=\/wp\/v2\/pages\/23","targetHints":{"allow":["GET"]}}],"collection":[{"href":"https:\/\/notredamedechine.fr\/index.php?rest_route=\/wp\/v2\/pages"}],"about":[{"href":"https:\/\/notredamedechine.fr\/index.php?rest_route=\/wp\/v2\/types\/page"}],"author":[{"embeddable":true,"href":"https:\/\/notredamedechine.fr\/index.php?rest_route=\/wp\/v2\/users\/2"}],"replies":[{"embeddable":true,"href":"https:\/\/notredamedechine.fr\/index.php?rest_route=%2Fwp%2Fv2%2Fcomments&post=23"}],"version-history":[{"count":12,"href":"https:\/\/notredamedechine.fr\/index.php?rest_route=\/wp\/v2\/pages\/23\/revisions"}],"predecessor-version":[{"id":709,"href":"https:\/\/notredamedechine.fr\/index.php?rest_route=\/wp\/v2\/pages\/23\/revisions\/709"}],"wp:featuredmedia":[{"embeddable":true,"href":"https:\/\/notredamedechine.fr\/index.php?rest_route=\/wp\/v2\/media\/47"}],"wp:attachment":[{"href":"https:\/\/notredamedechine.fr\/index.php?rest_route=%2Fwp%2Fv2%2Fmedia&parent=23"}],"curies":[{"name":"wp","href":"https:\/\/api.w.org\/{rel}","templated":true}]}}