{"id":241,"date":"2020-03-07T22:52:27","date_gmt":"2020-03-07T21:52:27","guid":{"rendered":"https:\/\/notredamedechine.fr\/?page_id=241"},"modified":"2020-03-07T22:52:27","modified_gmt":"2020-03-07T21:52:27","slug":"le-conseil-paroissial-pour-les-affaires-economiques-cpae","status":"publish","type":"page","link":"https:\/\/notredamedechine.fr\/?page_id=241","title":{"rendered":"Le Conseil paroissial pour les affaires \u00e9conomiques (CPAE)"},"content":{"rendered":"\n<p>Le CPAE s\u2019occupe des affaires \u00e9conomiques de la paroisse. Le pr\u00e9sident du CPAE est le cur\u00e9 de la paroisse, \u00e9paul\u00e9 par des membres la\u00efcs. En \u00e9troite collaboration avec le Conseil pastoral, le CPAE \u00e9tablit les budgets et les comptes, g\u00e8re les ressources financi\u00e8res et anticipe les grands projets \u00e0 venir, dont les travaux immobiliers.<\/p>\n","protected":false},"excerpt":{"rendered":"<p>Le CPAE s\u2019occupe des affaires \u00e9conomiques de la paroisse. Le pr\u00e9sident du CPAE est le cur\u00e9 de la paroisse, \u00e9paul\u00e9 par des membres la\u00efcs. En \u00e9troite collaboration avec le Conseil pastoral, le CPAE \u00e9tablit les budgets et les comptes, g\u00e8re les ressources financi\u00e8res et anticipe les grands projets \u00e0 venir, dont les travaux immobiliers.<\/p>\n","protected":false},"author":4,"featured_media":0,"parent":0,"menu_order":0,"comment_status":"closed","ping_status":"closed","template":"","meta":{"footnotes":""},"class_list":["post-241","page","type-page","status-publish","hentry"],"_links":{"self":[{"href":"https:\/\/notredamedechine.fr\/index.php?rest_route=\/wp\/v2\/pages\/241","targetHints":{"allow":["GET"]}}],"collection":[{"href":"https:\/\/notredamedechine.fr\/index.php?rest_route=\/wp\/v2\/pages"}],"about":[{"href":"https:\/\/notredamedechine.fr\/index.php?rest_route=\/wp\/v2\/types\/page"}],"author":[{"embeddable":true,"href":"https:\/\/notredamedechine.fr\/index.php?rest_route=\/wp\/v2\/users\/4"}],"replies":[{"embeddable":true,"href":"https:\/\/notredamedechine.fr\/index.php?rest_route=%2Fwp%2Fv2%2Fcomments&post=241"}],"version-history":[{"count":1,"href":"https:\/\/notredamedechine.fr\/index.php?rest_route=\/wp\/v2\/pages\/241\/revisions"}],"predecessor-version":[{"id":242,"href":"https:\/\/notredamedechine.fr\/index.php?rest_route=\/wp\/v2\/pages\/241\/revisions\/242"}],"wp:attachment":[{"href":"https:\/\/notredamedechine.fr\/index.php?rest_route=%2Fwp%2Fv2%2Fmedia&parent=241"}],"curies":[{"name":"wp","href":"https:\/\/api.w.org\/{rel}","templated":true}]}}