{"id":250,"date":"2020-03-07T23:10:17","date_gmt":"2020-03-07T22:10:17","guid":{"rendered":"https:\/\/notredamedechine.fr\/?page_id=250"},"modified":"2020-03-08T18:29:06","modified_gmt":"2020-03-08T17:29:06","slug":"horaires-douverture","status":"publish","type":"page","link":"https:\/\/notredamedechine.fr\/?page_id=250","title":{"rendered":"Horaires d&rsquo;ouverture"},"content":{"rendered":"\n<p><strong>Ouverture de Notre Dame de Chine<\/strong> <\/p>\n\n\n\n<p>Tous les jours de 10H00 &#8211; 18H00<\/p>\n\n\n\n<p><strong>Permanence d\u2019accueil<\/strong><\/p>\n\n\n\n<p>Tous les renseignements relatifs \u00e0 la vie de la paroisse de la Mission Catholique Chinoise de Paris, aux sacrements et aux activit\u00e9s des diff\u00e9rents groupes peuvent \u00eatre obtenus au bureau d\u2019accueil de Notre Dame de Chine.<\/p>\n\n\n\n<p><strong>Permanence des pr\u00eatres<\/strong><\/p>\n\n\n\n<p>Il est possible de rencontrer un pr\u00eatre de 16h \u00e0 18h, du mardi au samedi, \u00e0 Notre Dame de Chine  Vous pouvez prendre d\u2019avance un rendez-vous par t\u00e9l\u00e9phone.&nbsp;<\/p>\n\n\n<p><!--EndFragment--><\/p>","protected":false},"excerpt":{"rendered":"<p>Ouverture de Notre Dame de Chine Tous les jours de 10H00 &#8211; 18H00 Permanence d\u2019accueil Tous les renseignements relatifs \u00e0 la vie de la paroisse de la Mission Catholique Chinoise de Paris, aux sacrements et aux activit\u00e9s des diff\u00e9rents groupes peuvent \u00eatre obtenus au bureau d\u2019accueil de Notre Dame de Chine. Permanence des pr\u00eatres Il [&hellip;]<\/p>\n","protected":false},"author":4,"featured_media":0,"parent":0,"menu_order":0,"comment_status":"closed","ping_status":"closed","template":"","meta":{"footnotes":""},"class_list":["post-250","page","type-page","status-publish","hentry"],"_links":{"self":[{"href":"https:\/\/notredamedechine.fr\/index.php?rest_route=\/wp\/v2\/pages\/250","targetHints":{"allow":["GET"]}}],"collection":[{"href":"https:\/\/notredamedechine.fr\/index.php?rest_route=\/wp\/v2\/pages"}],"about":[{"href":"https:\/\/notredamedechine.fr\/index.php?rest_route=\/wp\/v2\/types\/page"}],"author":[{"embeddable":true,"href":"https:\/\/notredamedechine.fr\/index.php?rest_route=\/wp\/v2\/users\/4"}],"replies":[{"embeddable":true,"href":"https:\/\/notredamedechine.fr\/index.php?rest_route=%2Fwp%2Fv2%2Fcomments&post=250"}],"version-history":[{"count":2,"href":"https:\/\/notredamedechine.fr\/index.php?rest_route=\/wp\/v2\/pages\/250\/revisions"}],"predecessor-version":[{"id":267,"href":"https:\/\/notredamedechine.fr\/index.php?rest_route=\/wp\/v2\/pages\/250\/revisions\/267"}],"wp:attachment":[{"href":"https:\/\/notredamedechine.fr\/index.php?rest_route=%2Fwp%2Fv2%2Fmedia&parent=250"}],"curies":[{"name":"wp","href":"https:\/\/api.w.org\/{rel}","templated":true}]}}