{"id":280,"date":"2020-03-08T18:57:55","date_gmt":"2020-03-08T17:57:55","guid":{"rendered":"https:\/\/notredamedechine.fr\/?page_id=280"},"modified":"2020-03-08T20:27:40","modified_gmt":"2020-03-08T19:27:40","slug":"lequipe-daccueil-liturgique","status":"publish","type":"page","link":"https:\/\/notredamedechine.fr\/?page_id=280","title":{"rendered":"L\u2019Equipe d\u2019accueil liturgique"},"content":{"rendered":"\n<figure class=\"wp-block-image size-large is-resized\"><img loading=\"lazy\" decoding=\"async\" src=\"https:\/\/notredamedechine.fr\/wp-content\/uploads\/2020\/03\/P.8.1-Accueil-1024x536.jpg\" alt=\"\" class=\"wp-image-281\" width=\"471\" height=\"246\" srcset=\"https:\/\/notredamedechine.fr\/wp-content\/uploads\/2020\/03\/P.8.1-Accueil-1024x536.jpg 1024w, https:\/\/notredamedechine.fr\/wp-content\/uploads\/2020\/03\/P.8.1-Accueil-300x157.jpg 300w, https:\/\/notredamedechine.fr\/wp-content\/uploads\/2020\/03\/P.8.1-Accueil-768x402.jpg 768w, https:\/\/notredamedechine.fr\/wp-content\/uploads\/2020\/03\/P.8.1-Accueil.jpg 1057w\" sizes=\"auto, (max-width: 471px) 100vw, 471px\" \/><\/figure>\n\n\n\n<p>Elle est compos\u00e9e de membres la\u00efcs qui animent la messe \u00e0 tour de r\u00f4le. Les membres assurent aussi l\u2019accueil des paroissiens, les aident \u00e0 s\u2019installer, distribuent les feuilles de messe et de chants.<\/p>\n","protected":false},"excerpt":{"rendered":"<p>Elle est compos\u00e9e de membres la\u00efcs qui animent la messe \u00e0 tour de r\u00f4le. Les membres assurent aussi l\u2019accueil des paroissiens, les aident \u00e0 s\u2019installer, distribuent les feuilles de messe et de chants.<\/p>\n","protected":false},"author":4,"featured_media":0,"parent":0,"menu_order":0,"comment_status":"closed","ping_status":"closed","template":"","meta":{"footnotes":""},"class_list":["post-280","page","type-page","status-publish","hentry"],"_links":{"self":[{"href":"https:\/\/notredamedechine.fr\/index.php?rest_route=\/wp\/v2\/pages\/280","targetHints":{"allow":["GET"]}}],"collection":[{"href":"https:\/\/notredamedechine.fr\/index.php?rest_route=\/wp\/v2\/pages"}],"about":[{"href":"https:\/\/notredamedechine.fr\/index.php?rest_route=\/wp\/v2\/types\/page"}],"author":[{"embeddable":true,"href":"https:\/\/notredamedechine.fr\/index.php?rest_route=\/wp\/v2\/users\/4"}],"replies":[{"embeddable":true,"href":"https:\/\/notredamedechine.fr\/index.php?rest_route=%2Fwp%2Fv2%2Fcomments&post=280"}],"version-history":[{"count":3,"href":"https:\/\/notredamedechine.fr\/index.php?rest_route=\/wp\/v2\/pages\/280\/revisions"}],"predecessor-version":[{"id":369,"href":"https:\/\/notredamedechine.fr\/index.php?rest_route=\/wp\/v2\/pages\/280\/revisions\/369"}],"wp:attachment":[{"href":"https:\/\/notredamedechine.fr\/index.php?rest_route=%2Fwp%2Fv2%2Fmedia&parent=280"}],"curies":[{"name":"wp","href":"https:\/\/api.w.org\/{rel}","templated":true}]}}