{"id":301,"date":"2020-03-08T19:41:55","date_gmt":"2020-03-08T18:41:55","guid":{"rendered":"https:\/\/notredamedechine.fr\/?page_id=301"},"modified":"2020-03-08T19:41:56","modified_gmt":"2020-03-08T18:41:56","slug":"lequipe-des-servants-dautel","status":"publish","type":"page","link":"https:\/\/notredamedechine.fr\/?page_id=301","title":{"rendered":"L\u2019Equipe des servants d\u2019autel"},"content":{"rendered":"\n<figure class=\"wp-block-image size-large is-resized\"><img loading=\"lazy\" decoding=\"async\" src=\"https:\/\/notredamedechine.fr\/wp-content\/uploads\/2020\/03\/p.9-servants-dautel-2-1024x683.jpg\" alt=\"\" class=\"wp-image-302\" width=\"565\" height=\"376\" srcset=\"https:\/\/notredamedechine.fr\/wp-content\/uploads\/2020\/03\/p.9-servants-dautel-2-1024x683.jpg 1024w, https:\/\/notredamedechine.fr\/wp-content\/uploads\/2020\/03\/p.9-servants-dautel-2-300x200.jpg 300w, https:\/\/notredamedechine.fr\/wp-content\/uploads\/2020\/03\/p.9-servants-dautel-2-768x512.jpg 768w, https:\/\/notredamedechine.fr\/wp-content\/uploads\/2020\/03\/p.9-servants-dautel-2-1536x1024.jpg 1536w, https:\/\/notredamedechine.fr\/wp-content\/uploads\/2020\/03\/p.9-servants-dautel-2-2048x1365.jpg 2048w\" sizes=\"auto, (max-width: 565px) 100vw, 565px\" \/><\/figure>\n\n\n\n<p> L\u2019Equipe des servants d\u2019autel est compos\u00e9e de jeunes baptis\u00e9s, qui aident \u00e0 la c\u00e9l\u00e9bration de la messe. Ils participent activement \u00e0 la liturgie, favorisent le recueillement et la beaut\u00e9 de la liturgie dominicale. Leurs fonctions sont\u00a0: porter la croix de procession, les cierges, l\u2019encensoir, le Lectionnaire, etc.\u00a0Ils aident plus particuli\u00e8rement \u00e0 la pr\u00e9paration de l\u2019autel et \u00e0 la pr\u00e9sentation du pain et du vin par le c\u00e9l\u00e9brant. <\/p>\n","protected":false},"excerpt":{"rendered":"<p>L\u2019Equipe des servants d\u2019autel est compos\u00e9e de jeunes baptis\u00e9s, qui aident \u00e0 la c\u00e9l\u00e9bration de la messe. Ils participent activement \u00e0 la liturgie, favorisent le recueillement et la beaut\u00e9 de la liturgie dominicale. Leurs fonctions sont\u00a0: porter la croix de procession, les cierges, l\u2019encensoir, le Lectionnaire, etc.\u00a0Ils aident plus particuli\u00e8rement \u00e0 la pr\u00e9paration de l\u2019autel [&hellip;]<\/p>\n","protected":false},"author":4,"featured_media":0,"parent":0,"menu_order":0,"comment_status":"closed","ping_status":"closed","template":"","meta":{"footnotes":""},"class_list":["post-301","page","type-page","status-publish","hentry"],"_links":{"self":[{"href":"https:\/\/notredamedechine.fr\/index.php?rest_route=\/wp\/v2\/pages\/301","targetHints":{"allow":["GET"]}}],"collection":[{"href":"https:\/\/notredamedechine.fr\/index.php?rest_route=\/wp\/v2\/pages"}],"about":[{"href":"https:\/\/notredamedechine.fr\/index.php?rest_route=\/wp\/v2\/types\/page"}],"author":[{"embeddable":true,"href":"https:\/\/notredamedechine.fr\/index.php?rest_route=\/wp\/v2\/users\/4"}],"replies":[{"embeddable":true,"href":"https:\/\/notredamedechine.fr\/index.php?rest_route=%2Fwp%2Fv2%2Fcomments&post=301"}],"version-history":[{"count":1,"href":"https:\/\/notredamedechine.fr\/index.php?rest_route=\/wp\/v2\/pages\/301\/revisions"}],"predecessor-version":[{"id":303,"href":"https:\/\/notredamedechine.fr\/index.php?rest_route=\/wp\/v2\/pages\/301\/revisions\/303"}],"wp:attachment":[{"href":"https:\/\/notredamedechine.fr\/index.php?rest_route=%2Fwp%2Fv2%2Fmedia&parent=301"}],"curies":[{"name":"wp","href":"https:\/\/api.w.org\/{rel}","templated":true}]}}