{"id":314,"date":"2020-03-08T19:51:10","date_gmt":"2020-03-08T18:51:10","guid":{"rendered":"https:\/\/notredamedechine.fr\/?page_id=314"},"modified":"2022-07-14T14:57:45","modified_gmt":"2022-07-14T12:57:45","slug":"la-chorale","status":"publish","type":"page","link":"https:\/\/notredamedechine.fr\/?page_id=314","title":{"rendered":"La Chorale"},"content":{"rendered":"\n<div class=\"wp-block-image\"><figure class=\"alignleft size-large is-resized\"><img loading=\"lazy\" decoding=\"async\" src=\"https:\/\/notredamedechine.fr\/wp-content\/uploads\/2020\/03\/p.10-Chorale-1024x768.jpg\" alt=\"\" class=\"wp-image-315\" width=\"421\" height=\"316\" srcset=\"https:\/\/notredamedechine.fr\/wp-content\/uploads\/2020\/03\/p.10-Chorale-1024x768.jpg 1024w, https:\/\/notredamedechine.fr\/wp-content\/uploads\/2020\/03\/p.10-Chorale-300x225.jpg 300w, https:\/\/notredamedechine.fr\/wp-content\/uploads\/2020\/03\/p.10-Chorale-768x576.jpg 768w, https:\/\/notredamedechine.fr\/wp-content\/uploads\/2020\/03\/p.10-Chorale.jpg 1440w\" sizes=\"auto, (max-width: 421px) 100vw, 421px\" \/><\/figure><\/div>\n\n\n\n<p>La chorale rassemble tous ceux et celles qui aiment chanter.\u00a0La chorale est un acteur important de la liturgie. Les chants favorisent la participation active de l\u2019assembl\u00e9e, expriment la louange, renforcent le sentiment de pi\u00e9t\u00e9 et de fraternit\u00e9 des fid\u00e8les. Le choix et la beaut\u00e9 des chants aident \u00e0 introduire les participants de la messe aux myst\u00e8res c\u00e9l\u00e9br\u00e9s.  Les horaires de la chorale sont le dimanche de 10h30 \u00e011h30, puis de 14h30 \u00e0 16h00 \u00e0 Notre Dame de Chine\u00a0; le dimanche de 15h \u00e0 15h30 \u00e0 Ste Elisabeth. <\/p>\n\n\n\n<p>La r\u00e9p\u00e9tition des chants pour enfants se tient tous les dimanches de 13h30 \u00e0 14h30 \u00e0 Notre Dame de Chine.<\/p>\n","protected":false},"excerpt":{"rendered":"<p>La chorale rassemble tous ceux et celles qui aiment chanter.\u00a0La chorale est un acteur important de la liturgie. Les chants favorisent la participation active de l\u2019assembl\u00e9e, expriment la louange, renforcent le sentiment de pi\u00e9t\u00e9 et de fraternit\u00e9 des fid\u00e8les. Le choix et la beaut\u00e9 des chants aident \u00e0 introduire les participants de la messe aux [&hellip;]<\/p>\n","protected":false},"author":4,"featured_media":0,"parent":0,"menu_order":0,"comment_status":"closed","ping_status":"closed","template":"","meta":{"footnotes":""},"class_list":["post-314","page","type-page","status-publish","hentry"],"_links":{"self":[{"href":"https:\/\/notredamedechine.fr\/index.php?rest_route=\/wp\/v2\/pages\/314","targetHints":{"allow":["GET"]}}],"collection":[{"href":"https:\/\/notredamedechine.fr\/index.php?rest_route=\/wp\/v2\/pages"}],"about":[{"href":"https:\/\/notredamedechine.fr\/index.php?rest_route=\/wp\/v2\/types\/page"}],"author":[{"embeddable":true,"href":"https:\/\/notredamedechine.fr\/index.php?rest_route=\/wp\/v2\/users\/4"}],"replies":[{"embeddable":true,"href":"https:\/\/notredamedechine.fr\/index.php?rest_route=%2Fwp%2Fv2%2Fcomments&post=314"}],"version-history":[{"count":3,"href":"https:\/\/notredamedechine.fr\/index.php?rest_route=\/wp\/v2\/pages\/314\/revisions"}],"predecessor-version":[{"id":727,"href":"https:\/\/notredamedechine.fr\/index.php?rest_route=\/wp\/v2\/pages\/314\/revisions\/727"}],"wp:attachment":[{"href":"https:\/\/notredamedechine.fr\/index.php?rest_route=%2Fwp%2Fv2%2Fmedia&parent=314"}],"curies":[{"name":"wp","href":"https:\/\/api.w.org\/{rel}","templated":true}]}}