{"id":342,"date":"2020-03-08T20:05:47","date_gmt":"2020-03-08T19:05:47","guid":{"rendered":"https:\/\/notredamedechine.fr\/?page_id=342"},"modified":"2020-03-08T20:05:47","modified_gmt":"2020-03-08T19:05:47","slug":"lequipe-decrivains-benevoles","status":"publish","type":"page","link":"https:\/\/notredamedechine.fr\/?page_id=342","title":{"rendered":"L\u2019Equipe d\u2019\u00e9crivains b\u00e9n\u00e9voles"},"content":{"rendered":"\n<p>Certaines personnes ont des difficult\u00e9s \u00e0 \u00e9crire en fran\u00e7ais. Une \u00e9quipe de b\u00e9n\u00e9voles aident gratuitement les personnes qui en ont besoin \u00e0 \u00e9crire des lettres. Le mercredi de 10h30 \u00e0 12h\u00a0; Le jeudi et le vendredi de 15h \u00e0 17h\u00a0; Le samedi et le dimanche de 9h30 \u00e0 11h (sauf les vacances scolaires)<\/p>\n","protected":false},"excerpt":{"rendered":"<p>Certaines personnes ont des difficult\u00e9s \u00e0 \u00e9crire en fran\u00e7ais. Une \u00e9quipe de b\u00e9n\u00e9voles aident gratuitement les personnes qui en ont besoin \u00e0 \u00e9crire des lettres. Le mercredi de 10h30 \u00e0 12h\u00a0; Le jeudi et le vendredi de 15h \u00e0 17h\u00a0; Le samedi et le dimanche de 9h30 \u00e0 11h (sauf les vacances scolaires)<\/p>\n","protected":false},"author":4,"featured_media":0,"parent":0,"menu_order":0,"comment_status":"closed","ping_status":"closed","template":"","meta":{"footnotes":""},"class_list":["post-342","page","type-page","status-publish","hentry"],"_links":{"self":[{"href":"https:\/\/notredamedechine.fr\/index.php?rest_route=\/wp\/v2\/pages\/342","targetHints":{"allow":["GET"]}}],"collection":[{"href":"https:\/\/notredamedechine.fr\/index.php?rest_route=\/wp\/v2\/pages"}],"about":[{"href":"https:\/\/notredamedechine.fr\/index.php?rest_route=\/wp\/v2\/types\/page"}],"author":[{"embeddable":true,"href":"https:\/\/notredamedechine.fr\/index.php?rest_route=\/wp\/v2\/users\/4"}],"replies":[{"embeddable":true,"href":"https:\/\/notredamedechine.fr\/index.php?rest_route=%2Fwp%2Fv2%2Fcomments&post=342"}],"version-history":[{"count":1,"href":"https:\/\/notredamedechine.fr\/index.php?rest_route=\/wp\/v2\/pages\/342\/revisions"}],"predecessor-version":[{"id":343,"href":"https:\/\/notredamedechine.fr\/index.php?rest_route=\/wp\/v2\/pages\/342\/revisions\/343"}],"wp:attachment":[{"href":"https:\/\/notredamedechine.fr\/index.php?rest_route=%2Fwp%2Fv2%2Fmedia&parent=342"}],"curies":[{"name":"wp","href":"https:\/\/api.w.org\/{rel}","templated":true}]}}