{"id":374,"date":"2020-03-08T20:33:04","date_gmt":"2020-03-08T19:33:04","guid":{"rendered":"https:\/\/notredamedechine.fr\/?page_id=374"},"modified":"2020-03-08T22:23:59","modified_gmt":"2020-03-08T21:23:59","slug":"le-bapteme","status":"publish","type":"page","link":"https:\/\/notredamedechine.fr\/?page_id=374","title":{"rendered":"Le Bapt\u00eame"},"content":{"rendered":"\n<div class=\"wp-block-image\"><figure class=\"alignleft size-large is-resized\"><img loading=\"lazy\" decoding=\"async\" src=\"https:\/\/notredamedechine.fr\/wp-content\/uploads\/2020\/03\/p.14-Bapt\u00eame-1.jpg\" alt=\"\" class=\"wp-image-452\" width=\"305\" height=\"294\" srcset=\"https:\/\/notredamedechine.fr\/wp-content\/uploads\/2020\/03\/p.14-Bapt\u00eame-1.jpg 943w, https:\/\/notredamedechine.fr\/wp-content\/uploads\/2020\/03\/p.14-Bapt\u00eame-1-300x290.jpg 300w, https:\/\/notredamedechine.fr\/wp-content\/uploads\/2020\/03\/p.14-Bapt\u00eame-1-768x743.jpg 768w\" sizes=\"auto, (max-width: 305px) 100vw, 305px\" \/><\/figure><\/div>\n\n\n\n<p class=\"has-text-align-left\">Le mot \u00abBapt\u00eame&nbsp;\u00bb vient du grec, qui signifie \u00ab&nbsp;plonger, immerger&nbsp;\u00bb. Le Bapt\u00eame est le premier sacrement qu\u2019une personne re\u00e7oit de l\u2019Eglise. C\u2019est un rite qui plonge le baptis\u00e9 dans l\u2019eau pour lui faire vivre le passage de la mort \u00e0 la r\u00e9surrection&nbsp;du Christ. Devenu chr\u00e9tien, le nouveau baptis\u00e9 devient par l&rsquo;Esprit-Saint membre de l\u2019Eglise, fils du P\u00e8re et fr\u00e8re de J\u00e9sus-Christ. La gr\u00e2ce particuli\u00e8re du Bapt\u00eame est la naissance \u00e0 une nouvelle vie \u00e9ternelle. <\/p>\n\n\n\n<p>Il est possible de recevoir le Bapt\u00eame \u00e0 tout \u00e2ge. Les\nparents peuvent demander le Bapt\u00eame d\u2019un enfant d\u00e8s sa naissance. Faire\nbaptiser un enfant puis l\u2019inscrire au cat\u00e9chisme permet de l\u2019\u00e9duquer dans la\nfoi. Un adulte peut aussi demander le bapt\u00eame quel que soit son \u00e2ge. Il devient\nalors cat\u00e9chum\u00e8ne pour se pr\u00e9parer \u00e0 ce sacrement. <\/p>\n\n\n\n<p>Les adultes qui d\u00e9sirent recevoir le bapt\u00eame ainsi que\nles parents qui veulent faire baptiser leurs enfants peuvent s\u2019adresser au bureau\nd\u2019accueil de la paroisse. Ils seront mis en contact avec un pr\u00eatre et une\n\u00e9quipe de chr\u00e9tiens qui sont charg\u00e9s de les accompagner pour la pr\u00e9paration au\nBapt\u00eame.&nbsp; <\/p>\n","protected":false},"excerpt":{"rendered":"<p>Le mot \u00abBapt\u00eame&nbsp;\u00bb vient du grec, qui signifie \u00ab&nbsp;plonger, immerger&nbsp;\u00bb. Le Bapt\u00eame est le premier sacrement qu\u2019une personne re\u00e7oit de l\u2019Eglise. C\u2019est un rite qui plonge le baptis\u00e9 dans l\u2019eau pour lui faire vivre le passage de la mort \u00e0 la r\u00e9surrection&nbsp;du Christ. Devenu chr\u00e9tien, le nouveau baptis\u00e9 devient par l&rsquo;Esprit-Saint membre de l\u2019Eglise, fils [&hellip;]<\/p>\n","protected":false},"author":4,"featured_media":0,"parent":0,"menu_order":0,"comment_status":"closed","ping_status":"closed","template":"","meta":{"footnotes":""},"class_list":["post-374","page","type-page","status-publish","hentry"],"_links":{"self":[{"href":"https:\/\/notredamedechine.fr\/index.php?rest_route=\/wp\/v2\/pages\/374","targetHints":{"allow":["GET"]}}],"collection":[{"href":"https:\/\/notredamedechine.fr\/index.php?rest_route=\/wp\/v2\/pages"}],"about":[{"href":"https:\/\/notredamedechine.fr\/index.php?rest_route=\/wp\/v2\/types\/page"}],"author":[{"embeddable":true,"href":"https:\/\/notredamedechine.fr\/index.php?rest_route=\/wp\/v2\/users\/4"}],"replies":[{"embeddable":true,"href":"https:\/\/notredamedechine.fr\/index.php?rest_route=%2Fwp%2Fv2%2Fcomments&post=374"}],"version-history":[{"count":3,"href":"https:\/\/notredamedechine.fr\/index.php?rest_route=\/wp\/v2\/pages\/374\/revisions"}],"predecessor-version":[{"id":483,"href":"https:\/\/notredamedechine.fr\/index.php?rest_route=\/wp\/v2\/pages\/374\/revisions\/483"}],"wp:attachment":[{"href":"https:\/\/notredamedechine.fr\/index.php?rest_route=%2Fwp%2Fv2%2Fmedia&parent=374"}],"curies":[{"name":"wp","href":"https:\/\/api.w.org\/{rel}","templated":true}]}}