{"id":378,"date":"2020-03-08T20:34:05","date_gmt":"2020-03-08T19:34:05","guid":{"rendered":"https:\/\/notredamedechine.fr\/?page_id=378"},"modified":"2020-03-08T22:16:43","modified_gmt":"2020-03-08T21:16:43","slug":"leucharistie","status":"publish","type":"page","link":"https:\/\/notredamedechine.fr\/?page_id=378","title":{"rendered":"L\u2019Eucharistie"},"content":{"rendered":"<p><!--StartFragment--><\/p>\n\n\n<div class=\"wp-block-image\"><figure class=\"alignleft size-large is-resized\"><img loading=\"lazy\" decoding=\"async\" src=\"https:\/\/notredamedechine.fr\/wp-content\/uploads\/2020\/03\/eucharistie.jpg\" alt=\"\" class=\"wp-image-418\" width=\"130\" height=\"195\" srcset=\"https:\/\/notredamedechine.fr\/wp-content\/uploads\/2020\/03\/eucharistie.jpg 293w, https:\/\/notredamedechine.fr\/wp-content\/uploads\/2020\/03\/eucharistie-200x300.jpg 200w\" sizes=\"auto, (max-width: 130px) 100vw, 130px\" \/><\/figure><\/div>\n\n\n\n<p>Le mot \u00ab&nbsp;Eucharistie&nbsp;\u00bb vient du grec et signifie \u00ab&nbsp;action de gr\u00e2ce, louange&nbsp;\u00bb. Dans la tradition juive, cette action de gr\u00e2ce est prononc\u00e9e au repas de la P\u00e2que pour comm\u00e9morer la sortie d\u2019Egypte du peuple d\u2019Isra\u00ebl. Pour les catholiques, l\u2019Eucharistie est la c\u00e9l\u00e9bration du sacrifice du corps et du sang du Christ, pr\u00e9sents sous les esp\u00e8ces du pain et du vin. Aujourd\u2019hui, seuls les \u00e9v\u00eaques et les pr\u00eatres peuvent \u00eatre les c\u00e9l\u00e9brants de l\u2019Eucharistie. La communion eucharistique est un acte concret qui permet aux chr\u00e9tiens de s\u2019unir au Christ en devenant son corps. Fortifi\u00e9s par la pr\u00e9sence du Christ en nous, nous pouvons relever les d\u00e9fis de la vie en nous laissant habiter par le Christ dans notre vie de tous les jours.<\/p>\n\n\n<p><!--EndFragment--><\/p>\n\n\n<p>Les chr\u00e9tiens baptis\u00e9s peuvent recevoir la communion\neucharistique pendant la messe. Apr\u00e8s leur bapt\u00eame, les enfants doivent se\npr\u00e9parer \u00e0 la Premi\u00e8re communion dans le cadre du cat\u00e9chisme ou de l\u2019aum\u00f4nerie.\nUn enfant re\u00e7oit habituellement sa Premi\u00e8re communion entre 8 et 10 ans. Une\nc\u00e9l\u00e9bration particuli\u00e8re est organis\u00e9e pour la Premi\u00e8re communion des enfants. Les\nadultes qui d\u00e9sirent communier pour la premi\u00e8re fois s\u2019y pr\u00e9parent dans le\ncadre du cat\u00e9chum\u00e9nat.&nbsp;<\/p>\n\n\n<p><strong>Pourquoi on ne peut pas communier sans avoir \u00e9t\u00e9 baptis\u00e9&nbsp;?<\/strong><\/p>\n<p>L\u2019Eucharistie est un sacrement qui unit le croyant au corps du Christ. Avec le Bapt\u00eame et la Confirmation, ces trois sacrements d\u2019initiation introduisent le croyant dans le myst\u00e8re de la Trinit\u00e9. La communion eucharistique est un acte grave, charg\u00e9 de sens. Nous pourrions la comparer \u00e0 l\u2019union nuptiale entre deux personnes. Elle ne peut pas se r\u00e9aliser avant que les deux personnes se connaissent, s\u2019aiment et s\u2019engagent. Il en va de m\u00eame pour la communion eucharistique.<\/p>\n<p>Toutefois, il est \u00e0 noter que tout le monde peut participer au moment de la communion eucharistique pendant la messe. Ceux et celles qui ne sont pas encore baptis\u00e9s et les enfants avant leur Premi\u00e8re communion peuvent aller recevoir la b\u00e9n\u00e9diction du pr\u00eatre en m\u00eame temps que les autres. Il convient alors de croiser les bras devant la poitrine, signalant ainsi au pr\u00eatre qu\u2019il peut donner la b\u00e9n\u00e9diction.<\/p>","protected":false},"excerpt":{"rendered":"<p>Le mot \u00ab&nbsp;Eucharistie&nbsp;\u00bb vient du grec et signifie \u00ab&nbsp;action de gr\u00e2ce, louange&nbsp;\u00bb. Dans la tradition juive, cette action de gr\u00e2ce est prononc\u00e9e au repas de la P\u00e2que pour comm\u00e9morer la sortie d\u2019Egypte du peuple d\u2019Isra\u00ebl. Pour les catholiques, l\u2019Eucharistie est la c\u00e9l\u00e9bration du sacrifice du corps et du sang du Christ, pr\u00e9sents sous les esp\u00e8ces [&hellip;]<\/p>\n","protected":false},"author":4,"featured_media":0,"parent":0,"menu_order":0,"comment_status":"closed","ping_status":"closed","template":"","meta":{"footnotes":""},"class_list":["post-378","page","type-page","status-publish","hentry"],"_links":{"self":[{"href":"https:\/\/notredamedechine.fr\/index.php?rest_route=\/wp\/v2\/pages\/378","targetHints":{"allow":["GET"]}}],"collection":[{"href":"https:\/\/notredamedechine.fr\/index.php?rest_route=\/wp\/v2\/pages"}],"about":[{"href":"https:\/\/notredamedechine.fr\/index.php?rest_route=\/wp\/v2\/types\/page"}],"author":[{"embeddable":true,"href":"https:\/\/notredamedechine.fr\/index.php?rest_route=\/wp\/v2\/users\/4"}],"replies":[{"embeddable":true,"href":"https:\/\/notredamedechine.fr\/index.php?rest_route=%2Fwp%2Fv2%2Fcomments&post=378"}],"version-history":[{"count":9,"href":"https:\/\/notredamedechine.fr\/index.php?rest_route=\/wp\/v2\/pages\/378\/revisions"}],"predecessor-version":[{"id":480,"href":"https:\/\/notredamedechine.fr\/index.php?rest_route=\/wp\/v2\/pages\/378\/revisions\/480"}],"wp:attachment":[{"href":"https:\/\/notredamedechine.fr\/index.php?rest_route=%2Fwp%2Fv2%2Fmedia&parent=378"}],"curies":[{"name":"wp","href":"https:\/\/api.w.org\/{rel}","templated":true}]}}