{"id":384,"date":"2020-03-08T20:41:57","date_gmt":"2020-03-08T19:41:57","guid":{"rendered":"https:\/\/notredamedechine.fr\/?page_id=384"},"modified":"2020-03-08T21:10:03","modified_gmt":"2020-03-08T20:10:03","slug":"la-confirmation","status":"publish","type":"page","link":"https:\/\/notredamedechine.fr\/?page_id=384","title":{"rendered":"La Confirmation"},"content":{"rendered":"\n<figure class=\"wp-block-image size-large is-resized\"><img loading=\"lazy\" decoding=\"async\" src=\"https:\/\/notredamedechine.fr\/wp-content\/uploads\/2020\/03\/p.18-Confirmation3-768x1024.jpg\" alt=\"\" class=\"wp-image-422\" width=\"344\" height=\"459\" srcset=\"https:\/\/notredamedechine.fr\/wp-content\/uploads\/2020\/03\/p.18-Confirmation3-768x1024.jpg 768w, https:\/\/notredamedechine.fr\/wp-content\/uploads\/2020\/03\/p.18-Confirmation3-225x300.jpg 225w, https:\/\/notredamedechine.fr\/wp-content\/uploads\/2020\/03\/p.18-Confirmation3-1152x1536.jpg 1152w, https:\/\/notredamedechine.fr\/wp-content\/uploads\/2020\/03\/p.18-Confirmation3-1536x2048.jpg 1536w, https:\/\/notredamedechine.fr\/wp-content\/uploads\/2020\/03\/p.18-Confirmation3-scaled.jpg 1920w\" sizes=\"auto, (max-width: 344px) 100vw, 344px\" \/><\/figure>\n\n\n\n<p>Avec le Bapt\u00eame et\nl\u2019Eucharistie, la Confirmation est l\u2019un des trois sacrements de l\u2019initiation chr\u00e9tienne.\nUn adulte qui se pr\u00e9pare au Bapt\u00eame re\u00e7oit en g\u00e9n\u00e9ral les trois sacrements en\nm\u00eame temps. Un enfant baptis\u00e9 jeune fait d\u2019abord sa Premi\u00e8re communion, puis\npr\u00e9pare la Confirmation plus tard, vers l\u2019\u00e2ge adulte, entre l7 et 18 ans en\ng\u00e9n\u00e9ral. La Confirmation marque la maturit\u00e9 spirituelle et ne peut \u00eatre re\u00e7ue\nqu\u2019une fois. Par ce sacrement, le lien se consolide entre les baptis\u00e9s et\nl\u2019Eglise. Les baptis\u00e9s re\u00e7oivent alors la force de l\u2019Esprit-Saint comme les\nAp\u00f4tres lors de la Pentec\u00f4te. Les baptis\u00e9s confirm\u00e9s sont appel\u00e9s \u00e0 \u00eatre envoy\u00e9s\npour annoncer l\u2019Evangile, c\u00e9l\u00e9brer la gloire de Dieu, aimer et servir Dieu et\nle monde en suivant l\u2019exemple du Christ.<\/p>\n\n\n\n<p>Pendant la c\u00e9l\u00e9bration de la Confirmation, l\u2019\u00e9v\u00eaque ou le pr\u00eatre marque le front des confirmands avec une huile parfum\u00e9e, le Saint Chr\u00eame. Comme le Saint Chr\u00eame r\u00e9pand une bonne odeur, nous sommes parfum\u00e9s par la bonne odeur du Christ et sommes amen\u00e9s \u00e0 r\u00e9pandre ce parfum dans nos vies et dans le monde.<\/p>\n\n\n\n<p><\/p>\n","protected":false},"excerpt":{"rendered":"<p>Avec le Bapt\u00eame et l\u2019Eucharistie, la Confirmation est l\u2019un des trois sacrements de l\u2019initiation chr\u00e9tienne. Un adulte qui se pr\u00e9pare au Bapt\u00eame re\u00e7oit en g\u00e9n\u00e9ral les trois sacrements en m\u00eame temps. Un enfant baptis\u00e9 jeune fait d\u2019abord sa Premi\u00e8re communion, puis pr\u00e9pare la Confirmation plus tard, vers l\u2019\u00e2ge adulte, entre l7 et 18 ans en [&hellip;]<\/p>\n","protected":false},"author":4,"featured_media":0,"parent":0,"menu_order":0,"comment_status":"closed","ping_status":"closed","template":"","meta":{"footnotes":""},"class_list":["post-384","page","type-page","status-publish","hentry"],"_links":{"self":[{"href":"https:\/\/notredamedechine.fr\/index.php?rest_route=\/wp\/v2\/pages\/384","targetHints":{"allow":["GET"]}}],"collection":[{"href":"https:\/\/notredamedechine.fr\/index.php?rest_route=\/wp\/v2\/pages"}],"about":[{"href":"https:\/\/notredamedechine.fr\/index.php?rest_route=\/wp\/v2\/types\/page"}],"author":[{"embeddable":true,"href":"https:\/\/notredamedechine.fr\/index.php?rest_route=\/wp\/v2\/users\/4"}],"replies":[{"embeddable":true,"href":"https:\/\/notredamedechine.fr\/index.php?rest_route=%2Fwp%2Fv2%2Fcomments&post=384"}],"version-history":[{"count":2,"href":"https:\/\/notredamedechine.fr\/index.php?rest_route=\/wp\/v2\/pages\/384\/revisions"}],"predecessor-version":[{"id":423,"href":"https:\/\/notredamedechine.fr\/index.php?rest_route=\/wp\/v2\/pages\/384\/revisions\/423"}],"wp:attachment":[{"href":"https:\/\/notredamedechine.fr\/index.php?rest_route=%2Fwp%2Fv2%2Fmedia&parent=384"}],"curies":[{"name":"wp","href":"https:\/\/api.w.org\/{rel}","templated":true}]}}