{"id":388,"date":"2020-03-08T20:43:19","date_gmt":"2020-03-08T19:43:19","guid":{"rendered":"https:\/\/notredamedechine.fr\/?page_id=388"},"modified":"2020-03-08T21:12:54","modified_gmt":"2020-03-08T20:12:54","slug":"la-reconciliation-la-confession","status":"publish","type":"page","link":"https:\/\/notredamedechine.fr\/?page_id=388","title":{"rendered":"La R\u00e9conciliation  (la confession)"},"content":{"rendered":"\n<figure class=\"wp-block-image size-large is-resized\"><img loading=\"lazy\" decoding=\"async\" src=\"https:\/\/notredamedechine.fr\/wp-content\/uploads\/2020\/03\/r\u00e9conciliation.jpg\" alt=\"\" class=\"wp-image-428\" width=\"177\" height=\"265\" srcset=\"https:\/\/notredamedechine.fr\/wp-content\/uploads\/2020\/03\/r\u00e9conciliation.jpg 294w, https:\/\/notredamedechine.fr\/wp-content\/uploads\/2020\/03\/r\u00e9conciliation-200x300.jpg 200w\" sizes=\"auto, (max-width: 177px) 100vw, 177px\" \/><\/figure>\n\n\n\n<p>Les chr\u00e9tiens ne sont pas des personnes parfaites. Malgr\u00e9 les sacrements de l\u2019initiation chr\u00e9tienne, ils restent de pauvres p\u00e9cheurs et peuvent difficilement vivre en parfaite&nbsp; communion avec le Christ en tout temps et pour toute chose. Ils ont continuellement besoin que le Seigneur leur apporte son secours. Par le sacrement de la R\u00e9conciliation, les chr\u00e9tiens rencontrent l\u2019amour infini de Dieu qui les lib\u00e8re du p\u00e9ch\u00e9. Ils retrouvent la libert\u00e9 int\u00e9rieure et apprennent le sens du pardon. Apr\u00e8s avoir re\u00e7u la gr\u00e2ce d\u2019\u00eatre aim\u00e9s et pardonn\u00e9s, ils sont invit\u00e9s \u00e0 aimer et pardonner \u00e0 leur tour.<\/p>\n\n\n\n<p>Vous pouvez rencontrer un pr\u00eatre apr\u00e8s les messes en semaine ou apr\u00e8s les messes dominicales pour recevoir le sacrement de la R\u00e9conciliation. Avant les grandes f\u00eates, des c\u00e9l\u00e9brations communautaires de la R\u00e9conciliation sont propos\u00e9es dans la paroisse.<\/p>\n","protected":false},"excerpt":{"rendered":"<p>Les chr\u00e9tiens ne sont pas des personnes parfaites. Malgr\u00e9 les sacrements de l\u2019initiation chr\u00e9tienne, ils restent de pauvres p\u00e9cheurs et peuvent difficilement vivre en parfaite&nbsp; communion avec le Christ en tout temps et pour toute chose. Ils ont continuellement besoin que le Seigneur leur apporte son secours. Par le sacrement de la R\u00e9conciliation, les chr\u00e9tiens [&hellip;]<\/p>\n","protected":false},"author":4,"featured_media":0,"parent":0,"menu_order":0,"comment_status":"closed","ping_status":"closed","template":"","meta":{"footnotes":""},"class_list":["post-388","page","type-page","status-publish","hentry"],"_links":{"self":[{"href":"https:\/\/notredamedechine.fr\/index.php?rest_route=\/wp\/v2\/pages\/388","targetHints":{"allow":["GET"]}}],"collection":[{"href":"https:\/\/notredamedechine.fr\/index.php?rest_route=\/wp\/v2\/pages"}],"about":[{"href":"https:\/\/notredamedechine.fr\/index.php?rest_route=\/wp\/v2\/types\/page"}],"author":[{"embeddable":true,"href":"https:\/\/notredamedechine.fr\/index.php?rest_route=\/wp\/v2\/users\/4"}],"replies":[{"embeddable":true,"href":"https:\/\/notredamedechine.fr\/index.php?rest_route=%2Fwp%2Fv2%2Fcomments&post=388"}],"version-history":[{"count":3,"href":"https:\/\/notredamedechine.fr\/index.php?rest_route=\/wp\/v2\/pages\/388\/revisions"}],"predecessor-version":[{"id":429,"href":"https:\/\/notredamedechine.fr\/index.php?rest_route=\/wp\/v2\/pages\/388\/revisions\/429"}],"wp:attachment":[{"href":"https:\/\/notredamedechine.fr\/index.php?rest_route=%2Fwp%2Fv2%2Fmedia&parent=388"}],"curies":[{"name":"wp","href":"https:\/\/api.w.org\/{rel}","templated":true}]}}