{"id":399,"date":"2020-03-08T20:49:30","date_gmt":"2020-03-08T19:49:30","guid":{"rendered":"https:\/\/notredamedechine.fr\/?page_id=399"},"modified":"2020-03-08T21:06:04","modified_gmt":"2020-03-08T20:06:04","slug":"le-sacrement-du-mariage","status":"publish","type":"page","link":"https:\/\/notredamedechine.fr\/?page_id=399","title":{"rendered":"Le sacrement du mariage"},"content":{"rendered":"\n<figure class=\"wp-block-image size-large is-resized\"><img loading=\"lazy\" decoding=\"async\" src=\"https:\/\/notredamedechine.fr\/wp-content\/uploads\/2020\/03\/mariage-1.jpg\" alt=\"\" class=\"wp-image-414\" width=\"375\" height=\"485\" srcset=\"https:\/\/notredamedechine.fr\/wp-content\/uploads\/2020\/03\/mariage-1.jpg 439w, https:\/\/notredamedechine.fr\/wp-content\/uploads\/2020\/03\/mariage-1-232x300.jpg 232w\" sizes=\"auto, (max-width: 375px) 100vw, 375px\" \/><\/figure>\n\n\n\n<p>Le mariage des baptis\u00e9s n\u2019est pas seulement l\u2019union d\u2019un homme et d\u2019une femme. C\u2019est un sacrement&nbsp;charg\u00e9 de sens. Comparable \u00e0 l\u2019alliance du Christ avec l\u2019\u00c9glise, il situe l\u2019amour des \u00e9poux au c\u0153ur de l\u2019amour de Dieu pour l\u2019humanit\u00e9.&nbsp; Par le sacrement du mariage, les \u00e9poux se promettent r\u00e9ciproquement de vivre la fid\u00e9lit\u00e9 dans l\u2019amour \u00e0 l\u2019image du Christ. Ce sacrement rend le mariage indissoluble, non pas pour restreindre la libert\u00e9 des \u00e9poux, mais pour que, avec l\u2019aide de Dieu, ils vivent selon la loi de l\u2019amour&nbsp;tout au long de leur vie.&nbsp;Le consentement \u00e9chang\u00e9 devant Dieu et l\u2019Assembl\u00e9e est un engagement perp\u00e9tuel qui am\u00e8ne les \u00e9poux sur le chemin exigeant de l\u2019amour. Ils sont appel\u00e9s \u00e0 vivre dans la fid\u00e9lit\u00e9, quels que soient les d\u00e9fis et les difficult\u00e9s qu\u2019ils traversent.&nbsp;Ils s\u2019engagent aussi \u00e0 accepter d\u2019avoir des enfants pour prendre part \u00e0 l\u2019amour infini de Dieu de g\u00e9n\u00e9ration en g\u00e9n\u00e9ration.<\/p>\n\n\n\n<p>Il est possible de c\u00e9l\u00e9brer le sacrement du mariage dans la paroisse. Vous pouvez vous adresser \u00e0 l\u2019accueil. Vous serez alors mis en contact avec un pr\u00eatre et une \u00e9quipe de chr\u00e9tiens qui vous accompagneront pour pr\u00e9parer ce sacrement. La dur\u00e9e de pr\u00e9paration est d\u2019au moins 6 mois.<\/p>\n","protected":false},"excerpt":{"rendered":"<p>Le mariage des baptis\u00e9s n\u2019est pas seulement l\u2019union d\u2019un homme et d\u2019une femme. C\u2019est un sacrement&nbsp;charg\u00e9 de sens. Comparable \u00e0 l\u2019alliance du Christ avec l\u2019\u00c9glise, il situe l\u2019amour des \u00e9poux au c\u0153ur de l\u2019amour de Dieu pour l\u2019humanit\u00e9.&nbsp; Par le sacrement du mariage, les \u00e9poux se promettent r\u00e9ciproquement de vivre la fid\u00e9lit\u00e9 dans l\u2019amour \u00e0 [&hellip;]<\/p>\n","protected":false},"author":4,"featured_media":0,"parent":0,"menu_order":0,"comment_status":"closed","ping_status":"closed","template":"","meta":{"footnotes":""},"class_list":["post-399","page","type-page","status-publish","hentry"],"_links":{"self":[{"href":"https:\/\/notredamedechine.fr\/index.php?rest_route=\/wp\/v2\/pages\/399","targetHints":{"allow":["GET"]}}],"collection":[{"href":"https:\/\/notredamedechine.fr\/index.php?rest_route=\/wp\/v2\/pages"}],"about":[{"href":"https:\/\/notredamedechine.fr\/index.php?rest_route=\/wp\/v2\/types\/page"}],"author":[{"embeddable":true,"href":"https:\/\/notredamedechine.fr\/index.php?rest_route=\/wp\/v2\/users\/4"}],"replies":[{"embeddable":true,"href":"https:\/\/notredamedechine.fr\/index.php?rest_route=%2Fwp%2Fv2%2Fcomments&post=399"}],"version-history":[{"count":3,"href":"https:\/\/notredamedechine.fr\/index.php?rest_route=\/wp\/v2\/pages\/399\/revisions"}],"predecessor-version":[{"id":415,"href":"https:\/\/notredamedechine.fr\/index.php?rest_route=\/wp\/v2\/pages\/399\/revisions\/415"}],"wp:attachment":[{"href":"https:\/\/notredamedechine.fr\/index.php?rest_route=%2Fwp%2Fv2%2Fmedia&parent=399"}],"curies":[{"name":"wp","href":"https:\/\/api.w.org\/{rel}","templated":true}]}}