{"id":510,"date":"2020-04-05T17:45:37","date_gmt":"2020-04-05T15:45:37","guid":{"rendered":"https:\/\/notredamedechine.fr\/?page_id=510"},"modified":"2020-04-05T21:54:31","modified_gmt":"2020-04-05T19:54:31","slug":"activites-de-priere-et-de-partage","status":"publish","type":"page","link":"https:\/\/notredamedechine.fr\/?page_id=510","title":{"rendered":"Activit\u00e9s permanentes"},"content":{"rendered":"\n<h3 class=\"wp-block-heading\"><a>Partage de la Parole du dimanche<\/a><\/h3>\n\n\n\n<p><em>\u00ab&nbsp;L\u2019homme\nne vit pas seulement de pain, mais de toute parole qui sort de la bouche de\nDieu.&nbsp;\u00bb<\/em> (Matthieu 4&nbsp;:4) Un groupe\nde partage de la Parole du dimanche se r\u00e9unit chaque jeudi pour \u00e9tudier les\ntextes de la messe dominicale. Par le chant, la pri\u00e8re et le temps de partage,\nles participants sont nourris par la Parole et progressent sur leur chemin de\nfoi. <\/p>\n\n\n\n<p>Notre Dame de Chine&nbsp;: Le jeudi de 16h15 \u00e0 17h30.<\/p>\n\n\n\n<h3 class=\"wp-block-heading\"><a>Groupe de Sim\u00e9on<\/a><\/h3>\n\n\n\n<p>Le groupe de Sim\u00e9on r\u00e9unit les paroissiens \u00e2g\u00e9s pour vivre une fois par mois un temps de pri\u00e8re et de convivialit\u00e9. La paroisse organise aussi trois fois par an, sp\u00e9cialement pour les ain\u00e9s et les malades, la confession et l\u2019Onction des malades. <\/p>\n\n\n\n<h3 class=\"wp-block-heading\"><a>Groupe des couples de Cana<\/a><\/h3>\n\n\n\n<p>Le mariage est un chemin exigeant pour vivre le don Dieu qu\u2019est l\u2019Amour. Afin d\u2019aider les couples \u00e0 s\u2019aimer dans la v\u00e9rit\u00e9 de l\u2019Amour, la paroisse les r\u00e9unit une fois par mois. Ils sont accompagn\u00e9s de pr\u00eatres et de la\u00efcs pour avancer sur leur chemin de foi et de saintet\u00e9 en couple et en famille.<\/p>\n\n\n\n<h3 class=\"wp-block-heading\"><a>Adoration eucharistique<\/a><\/h3>\n\n\n\n<p>L\u2019adoration eucharistique est organis\u00e9e chaque semaine \u00e0\nla paroisse afin de louer Dieu, Le prier et L\u2019adorer. Tout le monde est invit\u00e9\n\u00e0 venir pour tenir compagnie au Seigneur J\u00e9sus-Christ, r\u00e9parer les outrages\nqu\u2019Il a re\u00e7us des hommes, et prier pour la paix chez nous et dans le monde. Le\nvendredi de 20h30 \u00e0 21h30 \u00e0 l\u2019\u00e9glise Sainte Elisabeth&nbsp;; Le premier\ndimanche du mois de 18h \u00e0 19h \u00e0 Notre Dame de Chine.<\/p>\n\n\n\n<p><\/p>\n\n\n\n<h3 class=\"wp-block-heading\"><a>Groupe de Rosaire<\/a><\/h3>\n\n\n\n<p>Les paroissiens peuvent se r\u00e9unir pour prier le Chapelet\ndominical \u00e0 13h30 \u00e0 Notre Dame de Chine&nbsp;; \u00e0 14h30 \u00e0 l\u2019\u00e9glise Sainte\nElisabeth. De plus, les membres du groupe de Rosaire se r\u00e9unissent une fois par\nmois pour chanter, partager, prier ensemble.<\/p>\n\n\n\n<p>Le premier samedi du mois de 18h30 \u00e0 20h00 \u00e0 Notre Dame de Chine&nbsp;; Le premier dimanche du mois de 14h15 \u00e0 15h15 \u00e0 l\u2019\u00e9glise Saint Elisabeth.<\/p>\n\n\n\n<h3 class=\"wp-block-heading\"><a>Chapelet de la Mis\u00e9ricorde<\/a> <\/h3>\n\n\n\n<p>Les paroissiens r\u00e9citent le Chapelet de la\nMis\u00e9ricorde tous les jours avant la messe en semaine.<\/p>\n\n\n\n<p>Du mardi au samedi \u00e0 15h15 \u00e0 Notre Dame de Chine. <\/p>\n","protected":false},"excerpt":{"rendered":"<p>Partage de la Parole du dimanche \u00ab&nbsp;L\u2019homme ne vit pas seulement de pain, mais de toute parole qui sort de la bouche de Dieu.&nbsp;\u00bb (Matthieu 4&nbsp;:4) Un groupe de partage de la Parole du dimanche se r\u00e9unit chaque jeudi pour \u00e9tudier les textes de la messe dominicale. Par le chant, la pri\u00e8re et le temps [&hellip;]<\/p>\n","protected":false},"author":4,"featured_media":0,"parent":0,"menu_order":0,"comment_status":"closed","ping_status":"closed","template":"","meta":{"footnotes":""},"class_list":["post-510","page","type-page","status-publish","hentry"],"_links":{"self":[{"href":"https:\/\/notredamedechine.fr\/index.php?rest_route=\/wp\/v2\/pages\/510","targetHints":{"allow":["GET"]}}],"collection":[{"href":"https:\/\/notredamedechine.fr\/index.php?rest_route=\/wp\/v2\/pages"}],"about":[{"href":"https:\/\/notredamedechine.fr\/index.php?rest_route=\/wp\/v2\/types\/page"}],"author":[{"embeddable":true,"href":"https:\/\/notredamedechine.fr\/index.php?rest_route=\/wp\/v2\/users\/4"}],"replies":[{"embeddable":true,"href":"https:\/\/notredamedechine.fr\/index.php?rest_route=%2Fwp%2Fv2%2Fcomments&post=510"}],"version-history":[{"count":2,"href":"https:\/\/notredamedechine.fr\/index.php?rest_route=\/wp\/v2\/pages\/510\/revisions"}],"predecessor-version":[{"id":710,"href":"https:\/\/notredamedechine.fr\/index.php?rest_route=\/wp\/v2\/pages\/510\/revisions\/710"}],"wp:attachment":[{"href":"https:\/\/notredamedechine.fr\/index.php?rest_route=%2Fwp%2Fv2%2Fmedia&parent=510"}],"curies":[{"name":"wp","href":"https:\/\/api.w.org\/{rel}","templated":true}]}}