{"id":531,"date":"2020-04-05T18:48:15","date_gmt":"2020-04-05T16:48:15","guid":{"rendered":"https:\/\/notredamedechine.fr\/?page_id=531"},"modified":"2020-04-05T18:48:15","modified_gmt":"2020-04-05T16:48:15","slug":"fetes-liturgiques","status":"publish","type":"page","link":"https:\/\/notredamedechine.fr\/?page_id=531","title":{"rendered":"F\u00eates liturgiques"},"content":{"rendered":"\n<p>L&rsquo;ann\u00e9e liturgique propose aux chr\u00e9tiens de vivre les grandes f\u00eates liturgiques qui reprennent les diff\u00e9rents moments de la vie de J\u00e9sus. Elle commence par l&rsquo;Avent, p\u00e9riode pr\u00e9c\u00e9dant No\u00ebl, suivi d&rsquo;autres f\u00eates importants dont l&rsquo;Epiphanie, l&rsquo;Annonciation, P\u00e2ques, l&rsquo;Ascension, la Pentec\u00f4te, la f\u00eate du Saint Sacrement, l&rsquo;Assomption et la Toussaint. En dehors de ces temps de f\u00eate, les autres p\u00e9riodes s&rsquo;appellent \u00ab\u00a0Temps ordinaire\u00a0\u00bb.<\/p>\n","protected":false},"excerpt":{"rendered":"<p>L&rsquo;ann\u00e9e liturgique propose aux chr\u00e9tiens de vivre les grandes f\u00eates liturgiques qui reprennent les diff\u00e9rents moments de la vie de J\u00e9sus. Elle commence par l&rsquo;Avent, p\u00e9riode pr\u00e9c\u00e9dant No\u00ebl, suivi d&rsquo;autres f\u00eates importants dont l&rsquo;Epiphanie, l&rsquo;Annonciation, P\u00e2ques, l&rsquo;Ascension, la Pentec\u00f4te, la f\u00eate du Saint Sacrement, l&rsquo;Assomption et la Toussaint. En dehors de ces temps de f\u00eate, [&hellip;]<\/p>\n","protected":false},"author":4,"featured_media":0,"parent":0,"menu_order":0,"comment_status":"closed","ping_status":"closed","template":"","meta":{"footnotes":""},"class_list":["post-531","page","type-page","status-publish","hentry"],"_links":{"self":[{"href":"https:\/\/notredamedechine.fr\/index.php?rest_route=\/wp\/v2\/pages\/531","targetHints":{"allow":["GET"]}}],"collection":[{"href":"https:\/\/notredamedechine.fr\/index.php?rest_route=\/wp\/v2\/pages"}],"about":[{"href":"https:\/\/notredamedechine.fr\/index.php?rest_route=\/wp\/v2\/types\/page"}],"author":[{"embeddable":true,"href":"https:\/\/notredamedechine.fr\/index.php?rest_route=\/wp\/v2\/users\/4"}],"replies":[{"embeddable":true,"href":"https:\/\/notredamedechine.fr\/index.php?rest_route=%2Fwp%2Fv2%2Fcomments&post=531"}],"version-history":[{"count":1,"href":"https:\/\/notredamedechine.fr\/index.php?rest_route=\/wp\/v2\/pages\/531\/revisions"}],"predecessor-version":[{"id":532,"href":"https:\/\/notredamedechine.fr\/index.php?rest_route=\/wp\/v2\/pages\/531\/revisions\/532"}],"wp:attachment":[{"href":"https:\/\/notredamedechine.fr\/index.php?rest_route=%2Fwp%2Fv2%2Fmedia&parent=531"}],"curies":[{"name":"wp","href":"https:\/\/api.w.org\/{rel}","templated":true}]}}