{"id":542,"date":"2020-04-05T19:51:12","date_gmt":"2020-04-05T17:51:12","guid":{"rendered":"https:\/\/notredamedechine.fr\/?page_id=542"},"modified":"2020-04-05T20:11:03","modified_gmt":"2020-04-05T18:11:03","slug":"epiphanie","status":"publish","type":"page","link":"https:\/\/notredamedechine.fr\/?page_id=542","title":{"rendered":"L&rsquo;Epiphanie"},"content":{"rendered":"\n<p>Le mot \u00ab&nbsp;\u00e9piphanie&nbsp;\u00bb, du grec \u00ab&nbsp;\u00e9piphan\u00e9ia&nbsp;\u00bb, signifie \u00ab&nbsp;apparition \u00bb. C\u2019est la f\u00eate de la manifestation de J\u00e9sus comme Messie. Il est coutume de manger la galette des Rois en France lors de cette f\u00eate pour rendre hommage aux rois mages qui sont venus de l\u2019Orient adorer l\u2019Enfant J\u00e9sus. L\u2019Epiphanie est l\u2019\u00e9quivalent de No\u00ebl pour l\u2019Eglise orthodoxe. L\u2019Epiphanie est f\u00eat\u00e9e le 6 janvier chaque ann\u00e9e. <\/p>\n","protected":false},"excerpt":{"rendered":"<p>Le mot \u00ab&nbsp;\u00e9piphanie&nbsp;\u00bb, du grec \u00ab&nbsp;\u00e9piphan\u00e9ia&nbsp;\u00bb, signifie \u00ab&nbsp;apparition \u00bb. C\u2019est la f\u00eate de la manifestation de J\u00e9sus comme Messie. Il est coutume de manger la galette des Rois en France lors de cette f\u00eate pour rendre hommage aux rois mages qui sont venus de l\u2019Orient adorer l\u2019Enfant J\u00e9sus. L\u2019Epiphanie est l\u2019\u00e9quivalent de No\u00ebl pour l\u2019Eglise [&hellip;]<\/p>\n","protected":false},"author":4,"featured_media":0,"parent":0,"menu_order":0,"comment_status":"closed","ping_status":"closed","template":"","meta":{"footnotes":""},"class_list":["post-542","page","type-page","status-publish","hentry"],"_links":{"self":[{"href":"https:\/\/notredamedechine.fr\/index.php?rest_route=\/wp\/v2\/pages\/542","targetHints":{"allow":["GET"]}}],"collection":[{"href":"https:\/\/notredamedechine.fr\/index.php?rest_route=\/wp\/v2\/pages"}],"about":[{"href":"https:\/\/notredamedechine.fr\/index.php?rest_route=\/wp\/v2\/types\/page"}],"author":[{"embeddable":true,"href":"https:\/\/notredamedechine.fr\/index.php?rest_route=\/wp\/v2\/users\/4"}],"replies":[{"embeddable":true,"href":"https:\/\/notredamedechine.fr\/index.php?rest_route=%2Fwp%2Fv2%2Fcomments&post=542"}],"version-history":[{"count":2,"href":"https:\/\/notredamedechine.fr\/index.php?rest_route=\/wp\/v2\/pages\/542\/revisions"}],"predecessor-version":[{"id":582,"href":"https:\/\/notredamedechine.fr\/index.php?rest_route=\/wp\/v2\/pages\/542\/revisions\/582"}],"wp:attachment":[{"href":"https:\/\/notredamedechine.fr\/index.php?rest_route=%2Fwp%2Fv2%2Fmedia&parent=542"}],"curies":[{"name":"wp","href":"https:\/\/api.w.org\/{rel}","templated":true}]}}