{"id":544,"date":"2020-04-05T19:53:13","date_gmt":"2020-04-05T17:53:13","guid":{"rendered":"https:\/\/notredamedechine.fr\/?page_id=544"},"modified":"2020-04-05T20:10:04","modified_gmt":"2020-04-05T18:10:04","slug":"annonciation","status":"publish","type":"page","link":"https:\/\/notredamedechine.fr\/?page_id=544","title":{"rendered":"L&rsquo;Annonciation"},"content":{"rendered":"\n<p>C\u2019est une f\u00eate o\u00f9 les chr\u00e9tiens comm\u00e9morent l\u2019annonce de l\u2019ange Gabriel \u00e0 Marie qu\u2019elle sera enceinte de l\u2019Esprit Saint et donnera naissance au Messie. La f\u00eate de l\u2019Annonciation est c\u00e9l\u00e9br\u00e9e le 25 mars tous les ans.<\/p>\n","protected":false},"excerpt":{"rendered":"<p>C\u2019est une f\u00eate o\u00f9 les chr\u00e9tiens comm\u00e9morent l\u2019annonce de l\u2019ange Gabriel \u00e0 Marie qu\u2019elle sera enceinte de l\u2019Esprit Saint et donnera naissance au Messie. La f\u00eate de l\u2019Annonciation est c\u00e9l\u00e9br\u00e9e le 25 mars tous les ans.<\/p>\n","protected":false},"author":4,"featured_media":0,"parent":0,"menu_order":0,"comment_status":"closed","ping_status":"closed","template":"","meta":{"footnotes":""},"class_list":["post-544","page","type-page","status-publish","hentry"],"_links":{"self":[{"href":"https:\/\/notredamedechine.fr\/index.php?rest_route=\/wp\/v2\/pages\/544","targetHints":{"allow":["GET"]}}],"collection":[{"href":"https:\/\/notredamedechine.fr\/index.php?rest_route=\/wp\/v2\/pages"}],"about":[{"href":"https:\/\/notredamedechine.fr\/index.php?rest_route=\/wp\/v2\/types\/page"}],"author":[{"embeddable":true,"href":"https:\/\/notredamedechine.fr\/index.php?rest_route=\/wp\/v2\/users\/4"}],"replies":[{"embeddable":true,"href":"https:\/\/notredamedechine.fr\/index.php?rest_route=%2Fwp%2Fv2%2Fcomments&post=544"}],"version-history":[{"count":2,"href":"https:\/\/notredamedechine.fr\/index.php?rest_route=\/wp\/v2\/pages\/544\/revisions"}],"predecessor-version":[{"id":579,"href":"https:\/\/notredamedechine.fr\/index.php?rest_route=\/wp\/v2\/pages\/544\/revisions\/579"}],"wp:attachment":[{"href":"https:\/\/notredamedechine.fr\/index.php?rest_route=%2Fwp%2Fv2%2Fmedia&parent=544"}],"curies":[{"name":"wp","href":"https:\/\/api.w.org\/{rel}","templated":true}]}}