{"id":548,"date":"2020-04-05T19:56:44","date_gmt":"2020-04-05T17:56:44","guid":{"rendered":"https:\/\/notredamedechine.fr\/?page_id=548"},"modified":"2020-04-05T19:56:45","modified_gmt":"2020-04-05T17:56:45","slug":"lascension","status":"publish","type":"page","link":"https:\/\/notredamedechine.fr\/?page_id=548","title":{"rendered":"L\u2019Ascension"},"content":{"rendered":"\n<p> L&rsquo;Ascension\u00a0c\u00e9l\u00e8bre la mont\u00e9e de J\u00e9sus vers Dieu le P\u00e8re. Elle est f\u00eat\u00e9e le jeudi de l&rsquo;Ascension, quarante jours apr\u00e8s P\u00e2ques. C\u2019est un jour f\u00e9ri\u00e9 en France. En Chine, l\u2019Ascension est c\u00e9l\u00e9br\u00e9e le dimanche qui suit. <\/p>\n","protected":false},"excerpt":{"rendered":"<p>L&rsquo;Ascension\u00a0c\u00e9l\u00e8bre la mont\u00e9e de J\u00e9sus vers Dieu le P\u00e8re. Elle est f\u00eat\u00e9e le jeudi de l&rsquo;Ascension, quarante jours apr\u00e8s P\u00e2ques. C\u2019est un jour f\u00e9ri\u00e9 en France. En Chine, l\u2019Ascension est c\u00e9l\u00e9br\u00e9e le dimanche qui suit.<\/p>\n","protected":false},"author":4,"featured_media":0,"parent":0,"menu_order":0,"comment_status":"closed","ping_status":"closed","template":"","meta":{"footnotes":""},"class_list":["post-548","page","type-page","status-publish","hentry"],"_links":{"self":[{"href":"https:\/\/notredamedechine.fr\/index.php?rest_route=\/wp\/v2\/pages\/548","targetHints":{"allow":["GET"]}}],"collection":[{"href":"https:\/\/notredamedechine.fr\/index.php?rest_route=\/wp\/v2\/pages"}],"about":[{"href":"https:\/\/notredamedechine.fr\/index.php?rest_route=\/wp\/v2\/types\/page"}],"author":[{"embeddable":true,"href":"https:\/\/notredamedechine.fr\/index.php?rest_route=\/wp\/v2\/users\/4"}],"replies":[{"embeddable":true,"href":"https:\/\/notredamedechine.fr\/index.php?rest_route=%2Fwp%2Fv2%2Fcomments&post=548"}],"version-history":[{"count":1,"href":"https:\/\/notredamedechine.fr\/index.php?rest_route=\/wp\/v2\/pages\/548\/revisions"}],"predecessor-version":[{"id":549,"href":"https:\/\/notredamedechine.fr\/index.php?rest_route=\/wp\/v2\/pages\/548\/revisions\/549"}],"wp:attachment":[{"href":"https:\/\/notredamedechine.fr\/index.php?rest_route=%2Fwp%2Fv2%2Fmedia&parent=548"}],"curies":[{"name":"wp","href":"https:\/\/api.w.org\/{rel}","templated":true}]}}