{"id":552,"date":"2020-04-05T19:58:43","date_gmt":"2020-04-05T17:58:43","guid":{"rendered":"https:\/\/notredamedechine.fr\/?page_id=552"},"modified":"2020-04-05T19:58:43","modified_gmt":"2020-04-05T17:58:43","slug":"lassomption","status":"publish","type":"page","link":"https:\/\/notredamedechine.fr\/?page_id=552","title":{"rendered":"L\u2019Assomption"},"content":{"rendered":"\n<p>L\u2019Assomption f\u00eate la mort, l\u2019\u00e9l\u00e9vation au ciel et le couronnement de la m\u00e8re de Dieu par son Fils. Marie continue de participer \u00e0 la vie du Christ au ciel. L\u2019Assomption\u00a0est c\u00e9l\u00e9br\u00e9e le 15 ao\u00fbt chaque ann\u00e9e.<\/p>\n","protected":false},"excerpt":{"rendered":"<p>L\u2019Assomption f\u00eate la mort, l\u2019\u00e9l\u00e9vation au ciel et le couronnement de la m\u00e8re de Dieu par son Fils. Marie continue de participer \u00e0 la vie du Christ au ciel. L\u2019Assomption\u00a0est c\u00e9l\u00e9br\u00e9e le 15 ao\u00fbt chaque ann\u00e9e.<\/p>\n","protected":false},"author":4,"featured_media":0,"parent":0,"menu_order":0,"comment_status":"closed","ping_status":"closed","template":"","meta":{"footnotes":""},"class_list":["post-552","page","type-page","status-publish","hentry"],"_links":{"self":[{"href":"https:\/\/notredamedechine.fr\/index.php?rest_route=\/wp\/v2\/pages\/552","targetHints":{"allow":["GET"]}}],"collection":[{"href":"https:\/\/notredamedechine.fr\/index.php?rest_route=\/wp\/v2\/pages"}],"about":[{"href":"https:\/\/notredamedechine.fr\/index.php?rest_route=\/wp\/v2\/types\/page"}],"author":[{"embeddable":true,"href":"https:\/\/notredamedechine.fr\/index.php?rest_route=\/wp\/v2\/users\/4"}],"replies":[{"embeddable":true,"href":"https:\/\/notredamedechine.fr\/index.php?rest_route=%2Fwp%2Fv2%2Fcomments&post=552"}],"version-history":[{"count":1,"href":"https:\/\/notredamedechine.fr\/index.php?rest_route=\/wp\/v2\/pages\/552\/revisions"}],"predecessor-version":[{"id":553,"href":"https:\/\/notredamedechine.fr\/index.php?rest_route=\/wp\/v2\/pages\/552\/revisions\/553"}],"wp:attachment":[{"href":"https:\/\/notredamedechine.fr\/index.php?rest_route=%2Fwp%2Fv2%2Fmedia&parent=552"}],"curies":[{"name":"wp","href":"https:\/\/api.w.org\/{rel}","templated":true}]}}