{"id":554,"date":"2020-04-05T19:59:10","date_gmt":"2020-04-05T17:59:10","guid":{"rendered":"https:\/\/notredamedechine.fr\/?page_id=554"},"modified":"2020-04-05T19:59:10","modified_gmt":"2020-04-05T17:59:10","slug":"la-toussaint","status":"publish","type":"page","link":"https:\/\/notredamedechine.fr\/?page_id=554","title":{"rendered":"La Toussaint"},"content":{"rendered":"\n<p>Tous les saints qui ont v\u00e9cu dans l\u2019amiti\u00e9 du Seigneur sont f\u00eat\u00e9s \u00e0 la Toussaint le 1<sup>er<\/sup> \u00a0novembre. La c\u00e9l\u00e9bration de cette f\u00eate est joyeuse parce qu\u2019elle nous invite \u00e0 mener notre vie dans l\u2019Esp\u00e9rance. Nous pratiquons cette Esp\u00e9rance le 2 novembre en priant pour les\u00a0d\u00e9funts.\u00a0Pendant les huit premiers jours de novembre, selon la tradition chr\u00e9tienne, les pr\u00eatres et les la\u00efcs de la communaut\u00e9 catholique chinoise de Paris vont se recueillir sur les tombes des d\u00e9funts aux cimeti\u00e8res d\u2019Ile de France.<\/p>\n","protected":false},"excerpt":{"rendered":"<p>Tous les saints qui ont v\u00e9cu dans l\u2019amiti\u00e9 du Seigneur sont f\u00eat\u00e9s \u00e0 la Toussaint le 1er \u00a0novembre. La c\u00e9l\u00e9bration de cette f\u00eate est joyeuse parce qu\u2019elle nous invite \u00e0 mener notre vie dans l\u2019Esp\u00e9rance. Nous pratiquons cette Esp\u00e9rance le 2 novembre en priant pour les\u00a0d\u00e9funts.\u00a0Pendant les huit premiers jours de novembre, selon la tradition [&hellip;]<\/p>\n","protected":false},"author":4,"featured_media":0,"parent":0,"menu_order":0,"comment_status":"closed","ping_status":"closed","template":"","meta":{"footnotes":""},"class_list":["post-554","page","type-page","status-publish","hentry"],"_links":{"self":[{"href":"https:\/\/notredamedechine.fr\/index.php?rest_route=\/wp\/v2\/pages\/554","targetHints":{"allow":["GET"]}}],"collection":[{"href":"https:\/\/notredamedechine.fr\/index.php?rest_route=\/wp\/v2\/pages"}],"about":[{"href":"https:\/\/notredamedechine.fr\/index.php?rest_route=\/wp\/v2\/types\/page"}],"author":[{"embeddable":true,"href":"https:\/\/notredamedechine.fr\/index.php?rest_route=\/wp\/v2\/users\/4"}],"replies":[{"embeddable":true,"href":"https:\/\/notredamedechine.fr\/index.php?rest_route=%2Fwp%2Fv2%2Fcomments&post=554"}],"version-history":[{"count":1,"href":"https:\/\/notredamedechine.fr\/index.php?rest_route=\/wp\/v2\/pages\/554\/revisions"}],"predecessor-version":[{"id":555,"href":"https:\/\/notredamedechine.fr\/index.php?rest_route=\/wp\/v2\/pages\/554\/revisions\/555"}],"wp:attachment":[{"href":"https:\/\/notredamedechine.fr\/index.php?rest_route=%2Fwp%2Fv2%2Fmedia&parent=554"}],"curies":[{"name":"wp","href":"https:\/\/api.w.org\/{rel}","templated":true}]}}