{"id":611,"date":"2020-04-05T20:24:39","date_gmt":"2020-04-05T18:24:39","guid":{"rendered":"https:\/\/notredamedechine.fr\/?page_id=611"},"modified":"2020-04-05T20:24:39","modified_gmt":"2020-04-05T18:24:39","slug":"nouvel-an-chinois","status":"publish","type":"page","link":"https:\/\/notredamedechine.fr\/?page_id=611","title":{"rendered":"Nouvel An chinois"},"content":{"rendered":"\n<p>Le Nouvel An chinois f\u00eate le premier jour de l\u2019an\nselon le calendrier luni-solaire chinois. Il annonce l\u2019arriv\u00e9e d\u2019un nouveau\nsigne astrologique chinois repr\u00e9sent\u00e9 par un animal. C\u2019est la f\u00eate la plus\nimportante en Chine, voire en Asie. Il est aussi appel\u00e9 F\u00eate du Printemps en\nchinois ou T\u00eat en vietnamien. C\u2019est la p\u00e9riode o\u00f9 les Chinois profitent de\nlongs jours de repos annuels pour se r\u00e9unir en famille, surtout lorsque\ncertains parents sont \u00e9loign\u00e9s. Les enfants re\u00e7oivent, selon la coutume, un peu\nd\u2019argent gliss\u00e9 dans une enveloppe rouge. La f\u00eate des Lanternes au 15<sup>e<\/sup>\njour du Nouvel An cl\u00f4t le temps festif. <\/p>\n\n\n\n<p>Chaque ann\u00e9e \u00e0 Paris, un grand d\u00e9fil\u00e9 d\u00e9guis\u00e9 est\norganis\u00e9 dans le 13<sup>e<\/sup> arrondissement par les communaut\u00e9s asiatiques\nlors du Nouvel An chinois. Un temps convivial est organis\u00e9 \u00e0 Notre Dame de\nChine. Une messe franco-chinoise incluant les cultes des anc\u00eatres est aussi\nc\u00e9l\u00e9br\u00e9e \u00e0 l\u2019\u00e9glise voisine de Saint Hyppolyte. Elle aura lieu le 17 f\u00e9vrier\n2019. Nous vous invitons tous \u00e0 venir partager ce grand moment festif.<\/p>\n","protected":false},"excerpt":{"rendered":"<p>Le Nouvel An chinois f\u00eate le premier jour de l\u2019an selon le calendrier luni-solaire chinois. Il annonce l\u2019arriv\u00e9e d\u2019un nouveau signe astrologique chinois repr\u00e9sent\u00e9 par un animal. C\u2019est la f\u00eate la plus importante en Chine, voire en Asie. Il est aussi appel\u00e9 F\u00eate du Printemps en chinois ou T\u00eat en vietnamien. C\u2019est la p\u00e9riode o\u00f9 [&hellip;]<\/p>\n","protected":false},"author":4,"featured_media":0,"parent":0,"menu_order":0,"comment_status":"closed","ping_status":"closed","template":"","meta":{"footnotes":""},"class_list":["post-611","page","type-page","status-publish","hentry"],"_links":{"self":[{"href":"https:\/\/notredamedechine.fr\/index.php?rest_route=\/wp\/v2\/pages\/611","targetHints":{"allow":["GET"]}}],"collection":[{"href":"https:\/\/notredamedechine.fr\/index.php?rest_route=\/wp\/v2\/pages"}],"about":[{"href":"https:\/\/notredamedechine.fr\/index.php?rest_route=\/wp\/v2\/types\/page"}],"author":[{"embeddable":true,"href":"https:\/\/notredamedechine.fr\/index.php?rest_route=\/wp\/v2\/users\/4"}],"replies":[{"embeddable":true,"href":"https:\/\/notredamedechine.fr\/index.php?rest_route=%2Fwp%2Fv2%2Fcomments&post=611"}],"version-history":[{"count":1,"href":"https:\/\/notredamedechine.fr\/index.php?rest_route=\/wp\/v2\/pages\/611\/revisions"}],"predecessor-version":[{"id":612,"href":"https:\/\/notredamedechine.fr\/index.php?rest_route=\/wp\/v2\/pages\/611\/revisions\/612"}],"wp:attachment":[{"href":"https:\/\/notredamedechine.fr\/index.php?rest_route=%2Fwp%2Fv2%2Fmedia&parent=611"}],"curies":[{"name":"wp","href":"https:\/\/api.w.org\/{rel}","templated":true}]}}