{"id":613,"date":"2020-04-05T20:25:04","date_gmt":"2020-04-05T18:25:04","guid":{"rendered":"https:\/\/notredamedechine.fr\/?page_id=613"},"modified":"2020-04-05T20:25:04","modified_gmt":"2020-04-05T18:25:04","slug":"fete-des-morts","status":"publish","type":"page","link":"https:\/\/notredamedechine.fr\/?page_id=613","title":{"rendered":"F\u00eate des Morts"},"content":{"rendered":"\n<p> La F\u00eate des Morts a lieu le 3<sup>\u00e8me<\/sup> jour du 3<sup>\u00e8me<\/sup> mois, selon la tradition chinoise. Elle tombe <em>grosso modo<\/em> pendant le temps pascal. Les chr\u00e9tiens chinois, comme tous leurs compatriotes, vont se recueillir sur les tombes de leurs parents lors de la F\u00eate des Morts. De plus, ils le font aussi pendant les huit premiers jours du mois de Novembre consacr\u00e9s \u00e0 la pri\u00e8re pour les d\u00e9funts. <\/p>\n","protected":false},"excerpt":{"rendered":"<p>La F\u00eate des Morts a lieu le 3\u00e8me jour du 3\u00e8me mois, selon la tradition chinoise. Elle tombe grosso modo pendant le temps pascal. Les chr\u00e9tiens chinois, comme tous leurs compatriotes, vont se recueillir sur les tombes de leurs parents lors de la F\u00eate des Morts. De plus, ils le font aussi pendant les huit [&hellip;]<\/p>\n","protected":false},"author":4,"featured_media":0,"parent":0,"menu_order":0,"comment_status":"closed","ping_status":"closed","template":"","meta":{"footnotes":""},"class_list":["post-613","page","type-page","status-publish","hentry"],"_links":{"self":[{"href":"https:\/\/notredamedechine.fr\/index.php?rest_route=\/wp\/v2\/pages\/613","targetHints":{"allow":["GET"]}}],"collection":[{"href":"https:\/\/notredamedechine.fr\/index.php?rest_route=\/wp\/v2\/pages"}],"about":[{"href":"https:\/\/notredamedechine.fr\/index.php?rest_route=\/wp\/v2\/types\/page"}],"author":[{"embeddable":true,"href":"https:\/\/notredamedechine.fr\/index.php?rest_route=\/wp\/v2\/users\/4"}],"replies":[{"embeddable":true,"href":"https:\/\/notredamedechine.fr\/index.php?rest_route=%2Fwp%2Fv2%2Fcomments&post=613"}],"version-history":[{"count":1,"href":"https:\/\/notredamedechine.fr\/index.php?rest_route=\/wp\/v2\/pages\/613\/revisions"}],"predecessor-version":[{"id":614,"href":"https:\/\/notredamedechine.fr\/index.php?rest_route=\/wp\/v2\/pages\/613\/revisions\/614"}],"wp:attachment":[{"href":"https:\/\/notredamedechine.fr\/index.php?rest_route=%2Fwp%2Fv2%2Fmedia&parent=613"}],"curies":[{"name":"wp","href":"https:\/\/api.w.org\/{rel}","templated":true}]}}