{"id":617,"date":"2020-04-05T20:26:00","date_gmt":"2020-04-05T18:26:00","guid":{"rendered":"https:\/\/notredamedechine.fr\/?page_id=617"},"modified":"2020-04-05T20:57:56","modified_gmt":"2020-04-05T18:57:56","slug":"fete-de-la-mi-automne","status":"publish","type":"page","link":"https:\/\/notredamedechine.fr\/?page_id=617","title":{"rendered":"F\u00eate de la Mi-Automne"},"content":{"rendered":"\n<figure class=\"wp-block-image size-large is-resized\"><img loading=\"lazy\" decoding=\"async\" src=\"https:\/\/notredamedechine.fr\/wp-content\/uploads\/2020\/04\/\u4e2d\u79cb-2.jpg\" alt=\"\" class=\"wp-image-671\" width=\"401\" height=\"283\" srcset=\"https:\/\/notredamedechine.fr\/wp-content\/uploads\/2020\/04\/\u4e2d\u79cb-2.jpg 750w, https:\/\/notredamedechine.fr\/wp-content\/uploads\/2020\/04\/\u4e2d\u79cb-2-300x212.jpg 300w\" sizes=\"auto, (max-width: 401px) 100vw, 401px\" \/><\/figure>\n\n\n\n<p>La Mi-Automne d\u00e9signe le 15<sup>\u00e8me<\/sup> jour du 8<sup>\u00e8me<\/sup> mois. Elle comm\u00e9more la d\u00e9esse de la Lune, Chang\u2019E. Selon la l\u00e9gende, Chang\u2019E vit sur la lune avec un lapin qui fabrique la pilule d\u2019immortalit\u00e9 en pilant des herbes. Lors de la F\u00eate de la Mi-Automne, il est de coutume de se retrouver en famille et entre amis pour admirer l\u2019\u00e9clat de la pleine lune en d\u00e9gustant du th\u00e9 et des g\u00e2teaux de lune. A cette occasion, les paroissiens partagent des g\u00e2teaux de lune. Plusieurs groupes paroissiaux organisent des activit\u00e9s conviviales&nbsp;dont le groupe des couples de Cana, le groupe de Sim\u00e9on, l\u2019\u00e9quipe de la visite aux malades, <em>etc.<\/em><\/p>\n","protected":false},"excerpt":{"rendered":"<p>La Mi-Automne d\u00e9signe le 15\u00e8me jour du 8\u00e8me mois. Elle comm\u00e9more la d\u00e9esse de la Lune, Chang\u2019E. Selon la l\u00e9gende, Chang\u2019E vit sur la lune avec un lapin qui fabrique la pilule d\u2019immortalit\u00e9 en pilant des herbes. Lors de la F\u00eate de la Mi-Automne, il est de coutume de se retrouver en famille et entre [&hellip;]<\/p>\n","protected":false},"author":4,"featured_media":0,"parent":0,"menu_order":0,"comment_status":"closed","ping_status":"closed","template":"","meta":{"footnotes":""},"class_list":["post-617","page","type-page","status-publish","hentry"],"_links":{"self":[{"href":"https:\/\/notredamedechine.fr\/index.php?rest_route=\/wp\/v2\/pages\/617","targetHints":{"allow":["GET"]}}],"collection":[{"href":"https:\/\/notredamedechine.fr\/index.php?rest_route=\/wp\/v2\/pages"}],"about":[{"href":"https:\/\/notredamedechine.fr\/index.php?rest_route=\/wp\/v2\/types\/page"}],"author":[{"embeddable":true,"href":"https:\/\/notredamedechine.fr\/index.php?rest_route=\/wp\/v2\/users\/4"}],"replies":[{"embeddable":true,"href":"https:\/\/notredamedechine.fr\/index.php?rest_route=%2Fwp%2Fv2%2Fcomments&post=617"}],"version-history":[{"count":2,"href":"https:\/\/notredamedechine.fr\/index.php?rest_route=\/wp\/v2\/pages\/617\/revisions"}],"predecessor-version":[{"id":672,"href":"https:\/\/notredamedechine.fr\/index.php?rest_route=\/wp\/v2\/pages\/617\/revisions\/672"}],"wp:attachment":[{"href":"https:\/\/notredamedechine.fr\/index.php?rest_route=%2Fwp%2Fv2%2Fmedia&parent=617"}],"curies":[{"name":"wp","href":"https:\/\/api.w.org\/{rel}","templated":true}]}}