{"id":619,"date":"2020-04-05T20:26:26","date_gmt":"2020-04-05T18:26:26","guid":{"rendered":"https:\/\/notredamedechine.fr\/?page_id=619"},"modified":"2020-04-05T20:26:26","modified_gmt":"2020-04-05T18:26:26","slug":"fete-du-double-neuf","status":"publish","type":"page","link":"https:\/\/notredamedechine.fr\/?page_id=619","title":{"rendered":"F\u00eate du Double Neuf"},"content":{"rendered":"\n<p>La f\u00eate du Double Neuf se c\u00e9l\u00e8bre le 9<sup>\u00e8me<\/sup> jour du 9<sup>\u00e8me<\/sup> mois. Elle est aussi appel\u00e9e la f\u00eate du Double Soleil. La prononciation du \u00ab\u00a0neuf\u00a0\u00bb en chinois est la m\u00eame que le mot \u00ab\u00a0long\u00a0\u00bb. C\u2019est une f\u00eate o\u00f9 on souhaite aux personnes \u00e2g\u00e9es une longue vie en les remerciant de tout ce qu\u2019ils ont accompli pour les autres en famille et en soci\u00e9t\u00e9. Cette f\u00eate marque la fin de l\u2019automne. Avant l\u2019arriv\u00e9e du froid hivernal, il est de coutume de grimper sur la montagne pour admirer le paysage panoramique depuis le pavillon du sommet. La paroisse Notre Dame de Chine organise \u00e0 cette occasion une rencontre sp\u00e9ciale pour les personnes \u00e2g\u00e9es. Les participants sont invit\u00e9s \u00e0 la confession suivie de l\u2019onction des malades lors de la c\u00e9l\u00e9bration de l\u2019Eucharistie. Cette rencontre sp\u00e9ciale se termine par un temps convivial.<\/p>\n","protected":false},"excerpt":{"rendered":"<p>La f\u00eate du Double Neuf se c\u00e9l\u00e8bre le 9\u00e8me jour du 9\u00e8me mois. Elle est aussi appel\u00e9e la f\u00eate du Double Soleil. La prononciation du \u00ab\u00a0neuf\u00a0\u00bb en chinois est la m\u00eame que le mot \u00ab\u00a0long\u00a0\u00bb. C\u2019est une f\u00eate o\u00f9 on souhaite aux personnes \u00e2g\u00e9es une longue vie en les remerciant de tout ce qu\u2019ils ont [&hellip;]<\/p>\n","protected":false},"author":4,"featured_media":0,"parent":0,"menu_order":0,"comment_status":"closed","ping_status":"closed","template":"","meta":{"footnotes":""},"class_list":["post-619","page","type-page","status-publish","hentry"],"_links":{"self":[{"href":"https:\/\/notredamedechine.fr\/index.php?rest_route=\/wp\/v2\/pages\/619","targetHints":{"allow":["GET"]}}],"collection":[{"href":"https:\/\/notredamedechine.fr\/index.php?rest_route=\/wp\/v2\/pages"}],"about":[{"href":"https:\/\/notredamedechine.fr\/index.php?rest_route=\/wp\/v2\/types\/page"}],"author":[{"embeddable":true,"href":"https:\/\/notredamedechine.fr\/index.php?rest_route=\/wp\/v2\/users\/4"}],"replies":[{"embeddable":true,"href":"https:\/\/notredamedechine.fr\/index.php?rest_route=%2Fwp%2Fv2%2Fcomments&post=619"}],"version-history":[{"count":1,"href":"https:\/\/notredamedechine.fr\/index.php?rest_route=\/wp\/v2\/pages\/619\/revisions"}],"predecessor-version":[{"id":620,"href":"https:\/\/notredamedechine.fr\/index.php?rest_route=\/wp\/v2\/pages\/619\/revisions\/620"}],"wp:attachment":[{"href":"https:\/\/notredamedechine.fr\/index.php?rest_route=%2Fwp%2Fv2%2Fmedia&parent=619"}],"curies":[{"name":"wp","href":"https:\/\/api.w.org\/{rel}","templated":true}]}}