{"id":623,"date":"2020-04-05T20:30:10","date_gmt":"2020-04-05T18:30:10","guid":{"rendered":"https:\/\/notredamedechine.fr\/?page_id=623"},"modified":"2020-04-05T20:51:56","modified_gmt":"2020-04-05T18:51:56","slug":"fete-patronale-de-notre-dame-de-chine","status":"publish","type":"page","link":"https:\/\/notredamedechine.fr\/?page_id=623","title":{"rendered":"F\u00eate patronale de Notre dame de Chine"},"content":{"rendered":"\n<p class=\"has-text-align-left\"> <\/p>\n\n\n\n<p class=\"has-text-align-left\"><img loading=\"lazy\" decoding=\"async\" width=\"150\" height=\"225\" class=\"wp-image-661\" style=\"width: 150px;\" src=\"https:\/\/notredamedechine.fr\/wp-content\/uploads\/2020\/04\/p.43-Fete-Notre-Patronale-scaled.jpg\" alt=\"\" srcset=\"https:\/\/notredamedechine.fr\/wp-content\/uploads\/2020\/04\/p.43-Fete-Notre-Patronale-scaled.jpg 1707w, https:\/\/notredamedechine.fr\/wp-content\/uploads\/2020\/04\/p.43-Fete-Notre-Patronale-200x300.jpg 200w, https:\/\/notredamedechine.fr\/wp-content\/uploads\/2020\/04\/p.43-Fete-Notre-Patronale-683x1024.jpg 683w, https:\/\/notredamedechine.fr\/wp-content\/uploads\/2020\/04\/p.43-Fete-Notre-Patronale-768x1152.jpg 768w, https:\/\/notredamedechine.fr\/wp-content\/uploads\/2020\/04\/p.43-Fete-Notre-Patronale-1024x1536.jpg 1024w, https:\/\/notredamedechine.fr\/wp-content\/uploads\/2020\/04\/p.43-Fete-Notre-Patronale-1365x2048.jpg 1365w\" sizes=\"auto, (max-width: 150px) 100vw, 150px\" \/><\/p>\n\n\n\n<p class=\"has-text-align-left\">La Vierge Marie est apparue plusieurs fois de juin \u00e0 ao\u00fbt 1900 lors des attaques des Boxers contre le village catholique de Donglv dans la province du Hebei. Gr\u00e2ce \u00e0 la protection maternelle de Marie, l\u2019\u00e9glise de Donglv est rest\u00e9e intacte, les villageois croyants ont aussi \u00e9t\u00e9 \u00e9pargn\u00e9s. En 1924, lors de la premi\u00e8re conf\u00e9rence \u00e9piscopale, les \u00e9v\u00eaques chinois ont consacr\u00e9 la Chine \u00e0 la Vierge Marie \u00ab\u00a0Sainte M\u00e8re de Chine et Reine de Donglv\u00a0\u00bb. En 1937, le pape PIE XI a d\u00e9clar\u00e9 Donglv lieu de p\u00e8lerinage national. En 1941, le pape Pie XII a promulgu\u00e9 la f\u00eate de Notre Dame de Chine dans le calendrier liturgique. Apr\u00e8s Vatican II, \u00e0 partir de 1973, Notre Dame de Chine est f\u00eat\u00e9e le deuxi\u00e8me samedi du mois de Mai. La paroisse Notre Dame de Chine \u00e0 Paris organise la f\u00eate patronale le deuxi\u00e8me dimanche du mois de mai. La messe de la f\u00eate patronale est pr\u00e9sid\u00e9e le matin par l\u2019archev\u00eaque du dioc\u00e8se de Paris ou son repr\u00e9sentant, et conc\u00e9l\u00e9br\u00e9e par de nombreux pr\u00eatres. A l\u2019issue de la messe, un temps convivial autour d\u2019un barbecue est propos\u00e9 dans la cour de la paroisse. Dans l\u2019apr\u00e8s-midi, la procession mariale est suivie de l\u2019adoration. La b\u00e9n\u00e9diction du Saint-Sacrement vient clore la journ\u00e9e festive. <\/p>\n","protected":false},"excerpt":{"rendered":"<p>La Vierge Marie est apparue plusieurs fois de juin \u00e0 ao\u00fbt 1900 lors des attaques des Boxers contre le village catholique de Donglv dans la province du Hebei. Gr\u00e2ce \u00e0 la protection maternelle de Marie, l\u2019\u00e9glise de Donglv est rest\u00e9e intacte, les villageois croyants ont aussi \u00e9t\u00e9 \u00e9pargn\u00e9s. En 1924, lors de la premi\u00e8re conf\u00e9rence [&hellip;]<\/p>\n","protected":false},"author":4,"featured_media":0,"parent":0,"menu_order":0,"comment_status":"closed","ping_status":"closed","template":"","meta":{"footnotes":""},"class_list":["post-623","page","type-page","status-publish","hentry"],"_links":{"self":[{"href":"https:\/\/notredamedechine.fr\/index.php?rest_route=\/wp\/v2\/pages\/623","targetHints":{"allow":["GET"]}}],"collection":[{"href":"https:\/\/notredamedechine.fr\/index.php?rest_route=\/wp\/v2\/pages"}],"about":[{"href":"https:\/\/notredamedechine.fr\/index.php?rest_route=\/wp\/v2\/types\/page"}],"author":[{"embeddable":true,"href":"https:\/\/notredamedechine.fr\/index.php?rest_route=\/wp\/v2\/users\/4"}],"replies":[{"embeddable":true,"href":"https:\/\/notredamedechine.fr\/index.php?rest_route=%2Fwp%2Fv2%2Fcomments&post=623"}],"version-history":[{"count":2,"href":"https:\/\/notredamedechine.fr\/index.php?rest_route=\/wp\/v2\/pages\/623\/revisions"}],"predecessor-version":[{"id":663,"href":"https:\/\/notredamedechine.fr\/index.php?rest_route=\/wp\/v2\/pages\/623\/revisions\/663"}],"wp:attachment":[{"href":"https:\/\/notredamedechine.fr\/index.php?rest_route=%2Fwp%2Fv2%2Fmedia&parent=623"}],"curies":[{"name":"wp","href":"https:\/\/api.w.org\/{rel}","templated":true}]}}