{"id":625,"date":"2020-04-05T20:30:53","date_gmt":"2020-04-05T18:30:53","guid":{"rendered":"https:\/\/notredamedechine.fr\/?page_id=625"},"modified":"2020-04-05T20:53:01","modified_gmt":"2020-04-05T18:53:01","slug":"journee-mondiale-de-priere-pour-la-chine","status":"publish","type":"page","link":"https:\/\/notredamedechine.fr\/?page_id=625","title":{"rendered":"Journ\u00e9e mondiale de pri\u00e8re pour la Chine"},"content":{"rendered":"\n<figure class=\"wp-block-image size-large is-resized\"><img loading=\"lazy\" decoding=\"async\" src=\"https:\/\/notredamedechine.fr\/wp-content\/uploads\/2020\/04\/p.42-Journ\u00e9e-de-pri\u00e8re-pour-la-Chine-1024x576.jpg\" alt=\"\" class=\"wp-image-664\" width=\"495\" height=\"278\" srcset=\"https:\/\/notredamedechine.fr\/wp-content\/uploads\/2020\/04\/p.42-Journ\u00e9e-de-pri\u00e8re-pour-la-Chine-1024x576.jpg 1024w, https:\/\/notredamedechine.fr\/wp-content\/uploads\/2020\/04\/p.42-Journ\u00e9e-de-pri\u00e8re-pour-la-Chine-300x169.jpg 300w, https:\/\/notredamedechine.fr\/wp-content\/uploads\/2020\/04\/p.42-Journ\u00e9e-de-pri\u00e8re-pour-la-Chine-768x432.jpg 768w, https:\/\/notredamedechine.fr\/wp-content\/uploads\/2020\/04\/p.42-Journ\u00e9e-de-pri\u00e8re-pour-la-Chine-1536x864.jpg 1536w, https:\/\/notredamedechine.fr\/wp-content\/uploads\/2020\/04\/p.42-Journ\u00e9e-de-pri\u00e8re-pour-la-Chine.jpg 1920w\" sizes=\"auto, (max-width: 495px) 100vw, 495px\" \/><\/figure>\n\n\n\n<p>Le sanctuaire de Shenshan dans la grande banlieue shanghaienne a \u00e9t\u00e9 \u00e9pargn\u00e9 gr\u00e2ce \u00e0 la protection de Marie pendant la r\u00e9volte de Taiping (1850-1864). Le 24 mai 1873, lors de la f\u00eate de Marie Auxiliatrice, la construction d\u2019une basilique gothique d\u00e9di\u00e9e \u00e0 la Vierge a \u00e9t\u00e9 inaugur\u00e9e par les j\u00e9suites fran\u00e7ais \u00e0 Shenshan. En 2007, le pape Beno\u00eet XVI a institu\u00e9 la f\u00eate de Marie-Auxiliatrice du 24 mai comme journ\u00e9e mondiale de pri\u00e8re pour la Chine. Le monde entier est invit\u00e9 \u00e0 prier en communion avec les chr\u00e9tiens chinois pour leur unit\u00e9. Le 24 mai a lieu le grand p\u00e8lerinage annuel \u00e0 Notre-Dame de Sheshan, protectrice du dioc\u00e8se de Shanghai.\u00a0<\/p>\n\n\n\n<p>Notre Dame de Chine \u00e0 Paris organise le 24 mai une journ\u00e9e de pri\u00e8re et 24\nheures d\u2019adoration continue pour la Chine.<\/p>\n","protected":false},"excerpt":{"rendered":"<p>Le sanctuaire de Shenshan dans la grande banlieue shanghaienne a \u00e9t\u00e9 \u00e9pargn\u00e9 gr\u00e2ce \u00e0 la protection de Marie pendant la r\u00e9volte de Taiping (1850-1864). Le 24 mai 1873, lors de la f\u00eate de Marie Auxiliatrice, la construction d\u2019une basilique gothique d\u00e9di\u00e9e \u00e0 la Vierge a \u00e9t\u00e9 inaugur\u00e9e par les j\u00e9suites fran\u00e7ais \u00e0 Shenshan. En 2007, [&hellip;]<\/p>\n","protected":false},"author":4,"featured_media":0,"parent":0,"menu_order":0,"comment_status":"closed","ping_status":"closed","template":"","meta":{"footnotes":""},"class_list":["post-625","page","type-page","status-publish","hentry"],"_links":{"self":[{"href":"https:\/\/notredamedechine.fr\/index.php?rest_route=\/wp\/v2\/pages\/625","targetHints":{"allow":["GET"]}}],"collection":[{"href":"https:\/\/notredamedechine.fr\/index.php?rest_route=\/wp\/v2\/pages"}],"about":[{"href":"https:\/\/notredamedechine.fr\/index.php?rest_route=\/wp\/v2\/types\/page"}],"author":[{"embeddable":true,"href":"https:\/\/notredamedechine.fr\/index.php?rest_route=\/wp\/v2\/users\/4"}],"replies":[{"embeddable":true,"href":"https:\/\/notredamedechine.fr\/index.php?rest_route=%2Fwp%2Fv2%2Fcomments&post=625"}],"version-history":[{"count":2,"href":"https:\/\/notredamedechine.fr\/index.php?rest_route=\/wp\/v2\/pages\/625\/revisions"}],"predecessor-version":[{"id":665,"href":"https:\/\/notredamedechine.fr\/index.php?rest_route=\/wp\/v2\/pages\/625\/revisions\/665"}],"wp:attachment":[{"href":"https:\/\/notredamedechine.fr\/index.php?rest_route=%2Fwp%2Fv2%2Fmedia&parent=625"}],"curies":[{"name":"wp","href":"https:\/\/api.w.org\/{rel}","templated":true}]}}