{"id":63,"date":"2018-06-18T18:03:35","date_gmt":"2018-06-18T16:03:35","guid":{"rendered":"https:\/\/notredamedechine.fr\/?page_id=63"},"modified":"2020-04-05T18:53:37","modified_gmt":"2020-04-05T16:53:37","slug":"activites","status":"publish","type":"page","link":"https:\/\/notredamedechine.fr\/?page_id=63","title":{"rendered":"Festivit\u00e9s"},"content":{"rendered":"<p>La paroisse Notre Dame de Chine est anim\u00e9e par deux sortes de festivit\u00e9s tout au long de l&rsquo;ann\u00e9e: les f\u00eates liturgiques et les f\u00eates culturelles chinoises.<\/p>\n<p><img loading=\"lazy\" decoding=\"async\" class=\"alignnone size-medium wp-image-60\" src=\"https:\/\/notredamedechine.fr\/wp-content\/uploads\/2018\/06\/ab7c2c697ed3afa9ae12ced8fe9783d8-204x300.jpg\" alt=\"\" width=\"204\" height=\"300\" srcset=\"https:\/\/notredamedechine.fr\/wp-content\/uploads\/2018\/06\/ab7c2c697ed3afa9ae12ced8fe9783d8-204x300.jpg 204w, https:\/\/notredamedechine.fr\/wp-content\/uploads\/2018\/06\/ab7c2c697ed3afa9ae12ced8fe9783d8-768x1131.jpg 768w, https:\/\/notredamedechine.fr\/wp-content\/uploads\/2018\/06\/ab7c2c697ed3afa9ae12ced8fe9783d8-695x1024.jpg 695w, https:\/\/notredamedechine.fr\/wp-content\/uploads\/2018\/06\/ab7c2c697ed3afa9ae12ced8fe9783d8.jpg 829w\" sizes=\"auto, (max-width: 204px) 100vw, 204px\" \/>\u00a0 \u00a0 \u00a0 \u00a0 \u00a0 <img loading=\"lazy\" decoding=\"async\" class=\"alignnone size-medium wp-image-534\" src=\"https:\/\/notredamedechine.fr\/wp-content\/uploads\/2020\/04\/\u4e2d\u79cb-300x212.jpg\" alt=\"\" width=\"300\" height=\"212\" srcset=\"https:\/\/notredamedechine.fr\/wp-content\/uploads\/2020\/04\/\u4e2d\u79cb-300x212.jpg 300w, https:\/\/notredamedechine.fr\/wp-content\/uploads\/2020\/04\/\u4e2d\u79cb.jpg 750w\" sizes=\"auto, (max-width: 300px) 100vw, 300px\" \/><\/p>\n","protected":false},"excerpt":{"rendered":"<p>La paroisse Notre Dame de Chine est anim\u00e9e par deux sortes de festivit\u00e9s tout au long de l&rsquo;ann\u00e9e: les f\u00eates liturgiques et les f\u00eates culturelles chinoises. \u00a0 \u00a0 \u00a0 \u00a0 \u00a0<\/p>\n","protected":false},"author":4,"featured_media":0,"parent":0,"menu_order":0,"comment_status":"closed","ping_status":"closed","template":"","meta":{"footnotes":""},"class_list":["post-63","page","type-page","status-publish","hentry"],"_links":{"self":[{"href":"https:\/\/notredamedechine.fr\/index.php?rest_route=\/wp\/v2\/pages\/63","targetHints":{"allow":["GET"]}}],"collection":[{"href":"https:\/\/notredamedechine.fr\/index.php?rest_route=\/wp\/v2\/pages"}],"about":[{"href":"https:\/\/notredamedechine.fr\/index.php?rest_route=\/wp\/v2\/types\/page"}],"author":[{"embeddable":true,"href":"https:\/\/notredamedechine.fr\/index.php?rest_route=\/wp\/v2\/users\/4"}],"replies":[{"embeddable":true,"href":"https:\/\/notredamedechine.fr\/index.php?rest_route=%2Fwp%2Fv2%2Fcomments&post=63"}],"version-history":[{"count":5,"href":"https:\/\/notredamedechine.fr\/index.php?rest_route=\/wp\/v2\/pages\/63\/revisions"}],"predecessor-version":[{"id":535,"href":"https:\/\/notredamedechine.fr\/index.php?rest_route=\/wp\/v2\/pages\/63\/revisions\/535"}],"wp:attachment":[{"href":"https:\/\/notredamedechine.fr\/index.php?rest_route=%2Fwp%2Fv2%2Fmedia&parent=63"}],"curies":[{"name":"wp","href":"https:\/\/api.w.org\/{rel}","templated":true}]}}