{"id":641,"date":"2020-04-05T20:37:41","date_gmt":"2020-04-05T18:37:41","guid":{"rendered":"https:\/\/notredamedechine.fr\/?page_id=641"},"modified":"2020-04-05T20:37:41","modified_gmt":"2020-04-05T18:37:41","slug":"%e6%98%a5%e8%8a%82","status":"publish","type":"page","link":"https:\/\/notredamedechine.fr\/?page_id=641&lang=zh","title":{"rendered":"\u6625\u8282"},"content":{"rendered":"\n<p>\u6625\u8282\u53c8\u53eb\u505a\u8fc7\u5e74\uff0c\u662f\u4e2d\u56fd\u519c\u5386\u5e74\u7684\u7b2c\u4e00\u5929\uff0c\u4e5f\u6807\u5fd7\u4e86\u4e2d\u56fd\u519c\u5386\u4e2d\u52a8\u7269\u5c5e\u76f8\u7684\u4ea4\u66ff\u3002\u6625\u8282\u4e5f\u662f\u4e9a\u6d32\u6587\u5316\u4e2d\u6700\u91cd\u8981\u7684\u8282\u65e5\u3002\u9664\u4e2d\u56fd\u4ee5\u5916\uff0c\u5f88\u591a\u5176\u4ed6\u4e9a\u6d32\u56fd\u5bb6\u4e5f\u5e86\u795d\u6625\u8282\u3002\u8d8a\u5357\u8bed\u79f0\u6625\u8282\u4e3a\u5143\u65e6\u8282T\u1ebft Nguy\u00ean \u0110\u00e1n\u3002\u6625\u8282\u662f\u4e00\u5e74\u4e2d\u5bb6\u4eba\u56e2\u805a\u7684\u6700\u4f73\u65f6\u671f\uff0c\u5bf9\u6709\u4eb2\u4eba\u5728\u5916\u5730\u7684\u5bb6\u5ead\u5c31\u66f4\u52a0\u5982\u6b64\u3002\u5c0f\u5b69\u5b50\u4eec\u5728\u6625\u8282\u65f6\u6309\u4f20\u7edf\u4e60\u4fd7\uff0c\u6536\u5230\u5927\u4eba\u7ed9\u7684\u7ea2\u5305\uff0c\u5e86\u795d\u4ed6\u4eec\u53c8\u957f\u4e86\u4e00\u5c81\u3002\u6625\u8282\u671f\u95f4\u7684\u5047\u671f\u4e5f\u662f\u4e00\u5e74\u4e2d\u6700\u957f\u7684\uff0c\u76f4\u5230\u6b63\u6708\u5341\u4e94\u7684\u5143\u5bb5\u706f\u7b3c\u8282\u624d\u7ed3\u675f\u6625\u8282\u5e86\u5178\u3002\n\n\u6bcf\u5e74\u6625\u8282\uff0c\u5df4\u9ece\u7684\u4e9a\u88d4\u540c\u80de\u5728\u5341\u4e09\u533a\u4e3e\u529e\u821e\u72ee\u6e38\u884c\u548c\u5404\u79cd\u5e86\u5178\u6d3b\u52a8\u3002\u672c\u5802\u533a\u4e5f\u4f1a\u4e3e\u529e\u8054\u6b22\u6d3b\u52a8\u3002\u4e2d\u534e\u5723\u6bcd\u5802\u4e0e\u5723\u4f0a\u6ce2\u5229\u7279\u6559\u5802\u8054\u5408\u4e3e\u884c\u6625\u8282\u796d\u7956\u5f25\u6492\uff0c\u5171\u5ea6\u4f73\u5bb6\u8282\u3002\u501f\u6b64\uff0c\u4e2d\u6cd5\u6559\u53cb\u589e\u8fdb\u76f8\u4e92\u4e86\u89e3\uff0c\u4fc3\u8fdb\u5171\u878d\uff0c\u4f53\u73b0\u5144\u5f1f\u53cb\u7231\u3002\n\n\n\n<\/p>\n","protected":false},"excerpt":{"rendered":"<p>\u6625\u8282\u53c8\u53eb\u505a\u8fc7\u5e74\uff0c\u662f\u4e2d\u56fd\u519c\u5386\u5e74\u7684\u7b2c\u4e00\u5929\uff0c\u4e5f\u6807\u5fd7\u4e86\u4e2d\u56fd\u519c\u5386\u4e2d\u52a8\u7269\u5c5e\u76f8\u7684\u4ea4\u66ff\u3002\u6625\u8282\u4e5f\u662f\u4e9a\u6d32\u6587\u5316\u4e2d\u6700\u91cd\u8981\u7684\u8282\u65e5\u3002\u9664\u4e2d\u56fd\u4ee5\u5916\uff0c\u5f88\u591a\u5176\u4ed6\u4e9a\u6d32\u56fd\u5bb6\u4e5f\u5e86\u795d\u6625\u8282\u3002\u8d8a\u5357\u8bed\u79f0\u6625\u8282\u4e3a\u5143\u65e6\u8282T\u1ebft Nguy\u00ean \u0110\u00e1n\u3002\u6625\u8282\u662f\u4e00\u5e74\u4e2d\u5bb6\u4eba\u56e2\u805a\u7684\u6700\u4f73\u65f6\u671f\uff0c\u5bf9\u6709\u4eb2\u4eba\u5728\u5916\u5730\u7684\u5bb6\u5ead\u5c31\u66f4\u52a0\u5982\u6b64\u3002\u5c0f\u5b69\u5b50\u4eec\u5728\u6625\u8282\u65f6\u6309\u4f20\u7edf\u4e60\u4fd7\uff0c\u6536\u5230\u5927\u4eba\u7ed9\u7684\u7ea2\u5305\uff0c\u5e86\u795d\u4ed6\u4eec\u53c8\u957f\u4e86\u4e00\u5c81\u3002\u6625\u8282\u671f\u95f4\u7684\u5047\u671f\u4e5f\u662f\u4e00\u5e74\u4e2d\u6700\u957f\u7684\uff0c\u76f4\u5230\u6b63\u6708\u5341\u4e94\u7684\u5143\u5bb5\u706f\u7b3c\u8282\u624d\u7ed3\u675f\u6625\u8282\u5e86\u5178\u3002 \u6bcf\u5e74\u6625\u8282\uff0c\u5df4\u9ece\u7684\u4e9a\u88d4\u540c\u80de\u5728\u5341\u4e09\u533a\u4e3e\u529e\u821e\u72ee\u6e38\u884c\u548c\u5404\u79cd\u5e86\u5178\u6d3b\u52a8\u3002\u672c\u5802\u533a\u4e5f\u4f1a\u4e3e\u529e\u8054\u6b22\u6d3b\u52a8\u3002\u4e2d\u534e\u5723\u6bcd\u5802\u4e0e\u5723\u4f0a\u6ce2\u5229\u7279\u6559\u5802\u8054\u5408\u4e3e\u884c\u6625\u8282\u796d\u7956\u5f25\u6492\uff0c\u5171\u5ea6\u4f73\u5bb6\u8282\u3002\u501f\u6b64\uff0c\u4e2d\u6cd5\u6559\u53cb\u589e\u8fdb\u76f8\u4e92\u4e86\u89e3\uff0c\u4fc3\u8fdb\u5171\u878d\uff0c\u4f53\u73b0\u5144\u5f1f\u53cb\u7231\u3002<\/p>\n","protected":false},"author":4,"featured_media":0,"parent":0,"menu_order":0,"comment_status":"closed","ping_status":"closed","template":"","meta":{"footnotes":""},"class_list":["post-641","page","type-page","status-publish","hentry"],"_links":{"self":[{"href":"https:\/\/notredamedechine.fr\/index.php?rest_route=\/wp\/v2\/pages\/641","targetHints":{"allow":["GET"]}}],"collection":[{"href":"https:\/\/notredamedechine.fr\/index.php?rest_route=\/wp\/v2\/pages"}],"about":[{"href":"https:\/\/notredamedechine.fr\/index.php?rest_route=\/wp\/v2\/types\/page"}],"author":[{"embeddable":true,"href":"https:\/\/notredamedechine.fr\/index.php?rest_route=\/wp\/v2\/users\/4"}],"replies":[{"embeddable":true,"href":"https:\/\/notredamedechine.fr\/index.php?rest_route=%2Fwp%2Fv2%2Fcomments&post=641"}],"version-history":[{"count":1,"href":"https:\/\/notredamedechine.fr\/index.php?rest_route=\/wp\/v2\/pages\/641\/revisions"}],"predecessor-version":[{"id":642,"href":"https:\/\/notredamedechine.fr\/index.php?rest_route=\/wp\/v2\/pages\/641\/revisions\/642"}],"wp:attachment":[{"href":"https:\/\/notredamedechine.fr\/index.php?rest_route=%2Fwp%2Fv2%2Fmedia&parent=641"}],"curies":[{"name":"wp","href":"https:\/\/api.w.org\/{rel}","templated":true}]}}