{"id":65,"date":"2018-06-18T18:05:07","date_gmt":"2018-06-18T16:05:07","guid":{"rendered":"https:\/\/notredamedechine.fr\/?page_id=65"},"modified":"2020-03-08T21:40:46","modified_gmt":"2020-03-08T20:40:46","slug":"equipes-paroissiales","status":"publish","type":"page","link":"https:\/\/notredamedechine.fr\/?page_id=65","title":{"rendered":"Equipes paroissiales"},"content":{"rendered":"\n<p>La paroisse dispose de 12 \u00e9quipes constitu\u00e9es de pr\u00eatres et de la\u00efcs. Elles sont:<\/p>\n\n\n\n<p>&#8211;  Le Conseil pastoral<\/p>\n\n\n\n<p>&#8211;  Le Conseil paroissial pour les affaires \u00e9conomiques (CPAE) <\/p>\n\n\n\n<p>&#8211;  L\u2019Equipe d\u2019accueil liturgique <\/p>\n\n\n\n<p>&#8211;  L\u2019Equipe des servants d\u2019autel  <\/p>\n\n\n\n<p>&#8211; L\u2019Equipe florale <\/p>\n\n\n\n<p>&#8211;  La Chorale  <\/p>\n\n\n\n<p>&#8211; L\u2019Equipe de convivialit\u00e9  <\/p>\n\n\n\n<p>&#8211; L\u2019Equipe de propret\u00e9  <\/p>\n\n\n\n<p>&#8211; L\u2019Equipe d\u2019accueil <\/p>\n\n\n\n<p>&#8211; L&rsquo;Equipe de communication<\/p>\n\n\n\n<p> &#8211; L\u2019Equipe de visite <\/p>\n\n\n\n<p>&#8211;  L\u2019Equipe d\u2019\u00e9crivains b\u00e9n\u00e9voles <\/p>\n","protected":false},"excerpt":{"rendered":"<p>La paroisse dispose de 12 \u00e9quipes constitu\u00e9es de pr\u00eatres et de la\u00efcs. Elles sont: &#8211; Le Conseil pastoral &#8211; Le Conseil paroissial pour les affaires \u00e9conomiques (CPAE) &#8211; L\u2019Equipe d\u2019accueil liturgique &#8211; L\u2019Equipe des servants d\u2019autel &#8211; L\u2019Equipe florale &#8211; La Chorale &#8211; L\u2019Equipe de convivialit\u00e9 &#8211; L\u2019Equipe de propret\u00e9 &#8211; L\u2019Equipe d\u2019accueil &#8211; L&rsquo;Equipe [&hellip;]<\/p>\n","protected":false},"author":4,"featured_media":0,"parent":0,"menu_order":0,"comment_status":"closed","ping_status":"closed","template":"","meta":{"footnotes":""},"class_list":["post-65","page","type-page","status-publish","hentry"],"_links":{"self":[{"href":"https:\/\/notredamedechine.fr\/index.php?rest_route=\/wp\/v2\/pages\/65","targetHints":{"allow":["GET"]}}],"collection":[{"href":"https:\/\/notredamedechine.fr\/index.php?rest_route=\/wp\/v2\/pages"}],"about":[{"href":"https:\/\/notredamedechine.fr\/index.php?rest_route=\/wp\/v2\/types\/page"}],"author":[{"embeddable":true,"href":"https:\/\/notredamedechine.fr\/index.php?rest_route=\/wp\/v2\/users\/4"}],"replies":[{"embeddable":true,"href":"https:\/\/notredamedechine.fr\/index.php?rest_route=%2Fwp%2Fv2%2Fcomments&post=65"}],"version-history":[{"count":3,"href":"https:\/\/notredamedechine.fr\/index.php?rest_route=\/wp\/v2\/pages\/65\/revisions"}],"predecessor-version":[{"id":458,"href":"https:\/\/notredamedechine.fr\/index.php?rest_route=\/wp\/v2\/pages\/65\/revisions\/458"}],"wp:attachment":[{"href":"https:\/\/notredamedechine.fr\/index.php?rest_route=%2Fwp%2Fv2%2Fmedia&parent=65"}],"curies":[{"name":"wp","href":"https:\/\/api.w.org\/{rel}","templated":true}]}}