{"id":673,"date":"2020-04-05T20:59:33","date_gmt":"2020-04-05T18:59:33","guid":{"rendered":"https:\/\/notredamedechine.fr\/?page_id=673"},"modified":"2020-04-05T21:46:09","modified_gmt":"2020-04-05T19:46:09","slug":"pelerinage-du-1er-mai","status":"publish","type":"page","link":"https:\/\/notredamedechine.fr\/?page_id=673","title":{"rendered":"P\u00e8lerinage du 1er mai"},"content":{"rendered":"\n<figure class=\"wp-block-image size-large is-resized\"><img loading=\"lazy\" decoding=\"async\" src=\"https:\/\/notredamedechine.fr\/wp-content\/uploads\/2020\/04\/p.45-1er-Mai-1024x768.jpg\" alt=\"\" class=\"wp-image-696\" width=\"437\" height=\"328\" srcset=\"https:\/\/notredamedechine.fr\/wp-content\/uploads\/2020\/04\/p.45-1er-Mai-1024x768.jpg 1024w, https:\/\/notredamedechine.fr\/wp-content\/uploads\/2020\/04\/p.45-1er-Mai-300x225.jpg 300w, https:\/\/notredamedechine.fr\/wp-content\/uploads\/2020\/04\/p.45-1er-Mai-768x576.jpg 768w, https:\/\/notredamedechine.fr\/wp-content\/uploads\/2020\/04\/p.45-1er-Mai.jpg 1440w\" sizes=\"auto, (max-width: 437px) 100vw, 437px\" \/><figcaption>P\u00e8lerinage \u00e0 Lisieux<\/figcaption><\/figure>\n\n\n\n<p>Le 1<sup>er<\/sup> mai, la communaut\u00e9 catholique chinoise organise un p\u00e8lerinage d\u2019une journ\u00e9e dont le lieu varie chaque ann\u00e9e. En mai 2018, 126 paroissiens ont particip\u00e9 \u00e0 cette sortie paroissiale \u00e0 Lisieux pour se familiariser avec la petite voie spirituelle de Sainte Th\u00e9r\u00e8se de l\u2019Enfant J\u00e9sus. En 2019, la destination du p\u00e8lerinage du 1<sup>er<\/sup> mai \u00e9tait Notre Dame de Liesse.<\/p>\n","protected":false},"excerpt":{"rendered":"<p>Le 1er mai, la communaut\u00e9 catholique chinoise organise un p\u00e8lerinage d\u2019une journ\u00e9e dont le lieu varie chaque ann\u00e9e. En mai 2018, 126 paroissiens ont particip\u00e9 \u00e0 cette sortie paroissiale \u00e0 Lisieux pour se familiariser avec la petite voie spirituelle de Sainte Th\u00e9r\u00e8se de l\u2019Enfant J\u00e9sus. En 2019, la destination du p\u00e8lerinage du 1er mai \u00e9tait [&hellip;]<\/p>\n","protected":false},"author":4,"featured_media":0,"parent":0,"menu_order":0,"comment_status":"closed","ping_status":"closed","template":"","meta":{"footnotes":""},"class_list":["post-673","page","type-page","status-publish","hentry"],"_links":{"self":[{"href":"https:\/\/notredamedechine.fr\/index.php?rest_route=\/wp\/v2\/pages\/673","targetHints":{"allow":["GET"]}}],"collection":[{"href":"https:\/\/notredamedechine.fr\/index.php?rest_route=\/wp\/v2\/pages"}],"about":[{"href":"https:\/\/notredamedechine.fr\/index.php?rest_route=\/wp\/v2\/types\/page"}],"author":[{"embeddable":true,"href":"https:\/\/notredamedechine.fr\/index.php?rest_route=\/wp\/v2\/users\/4"}],"replies":[{"embeddable":true,"href":"https:\/\/notredamedechine.fr\/index.php?rest_route=%2Fwp%2Fv2%2Fcomments&post=673"}],"version-history":[{"count":2,"href":"https:\/\/notredamedechine.fr\/index.php?rest_route=\/wp\/v2\/pages\/673\/revisions"}],"predecessor-version":[{"id":697,"href":"https:\/\/notredamedechine.fr\/index.php?rest_route=\/wp\/v2\/pages\/673\/revisions\/697"}],"wp:attachment":[{"href":"https:\/\/notredamedechine.fr\/index.php?rest_route=%2Fwp%2Fv2%2Fmedia&parent=673"}],"curies":[{"name":"wp","href":"https:\/\/api.w.org\/{rel}","templated":true}]}}