{"id":675,"date":"2020-04-05T21:00:34","date_gmt":"2020-04-05T19:00:34","guid":{"rendered":"https:\/\/notredamedechine.fr\/?page_id=675"},"modified":"2020-04-05T21:07:16","modified_gmt":"2020-04-05T19:07:16","slug":"pelerinage-de-lourdes","status":"publish","type":"page","link":"https:\/\/notredamedechine.fr\/?page_id=675","title":{"rendered":"P\u00e8lerinage de Lourdes"},"content":{"rendered":"\n<div class=\"wp-block-image\"><figure class=\"alignleft size-large is-resized\"><img loading=\"lazy\" decoding=\"async\" src=\"https:\/\/notredamedechine.fr\/wp-content\/uploads\/2020\/04\/p.45-P\u00e9lerinage-\u00e0-Lourdes.jpg\" alt=\"\" class=\"wp-image-677\" width=\"212\" height=\"377\" srcset=\"https:\/\/notredamedechine.fr\/wp-content\/uploads\/2020\/04\/p.45-P\u00e9lerinage-\u00e0-Lourdes.jpg 450w, https:\/\/notredamedechine.fr\/wp-content\/uploads\/2020\/04\/p.45-P\u00e9lerinage-\u00e0-Lourdes-169x300.jpg 169w\" sizes=\"auto, (max-width: 212px) 100vw, 212px\" \/><\/figure><\/div>\n\n\n\n<p>Lourdes est la premi\u00e8re destination de p\u00e8lerinage en France depuis que la Vierge est apparue \u00e0 la jeune fille Bernadette Soubirous en 1858. La Vierge a demand\u00e9 qu\u2019on prie le Rosaire et a fait d\u00e9gager une source dans la\u00a0grotte de Massabielle. L\u2019eau de Lourdes provenant de cette source est r\u00e9put\u00e9e miraculeuse. L\u2019Eglise a reconnu officiellement 70 gu\u00e9risons miraculeuses jusqu\u2019\u00e0 aujourd\u2019hui. La communaut\u00e9 catholique chinoise de Paris organise chaque ann\u00e9e autour du 15 ao\u00fbt un p\u00e8lerinage \u00e0 Lourdes. En 2018, pr\u00e8s de 200 paroissiens s\u2019y sont rendus du 13 au 16 ao\u00fbt lors de la semaine du p\u00e8lerinage national \u00e0 Lourdes. En 2019, ce p\u00e8lerinage a eu lieu \u00e0 la m\u00eame p\u00e9riode.<\/p>\n","protected":false},"excerpt":{"rendered":"<p>Lourdes est la premi\u00e8re destination de p\u00e8lerinage en France depuis que la Vierge est apparue \u00e0 la jeune fille Bernadette Soubirous en 1858. La Vierge a demand\u00e9 qu\u2019on prie le Rosaire et a fait d\u00e9gager une source dans la\u00a0grotte de Massabielle. L\u2019eau de Lourdes provenant de cette source est r\u00e9put\u00e9e miraculeuse. L\u2019Eglise a reconnu officiellement [&hellip;]<\/p>\n","protected":false},"author":4,"featured_media":0,"parent":0,"menu_order":0,"comment_status":"closed","ping_status":"closed","template":"","meta":{"footnotes":""},"class_list":["post-675","page","type-page","status-publish","hentry"],"_links":{"self":[{"href":"https:\/\/notredamedechine.fr\/index.php?rest_route=\/wp\/v2\/pages\/675","targetHints":{"allow":["GET"]}}],"collection":[{"href":"https:\/\/notredamedechine.fr\/index.php?rest_route=\/wp\/v2\/pages"}],"about":[{"href":"https:\/\/notredamedechine.fr\/index.php?rest_route=\/wp\/v2\/types\/page"}],"author":[{"embeddable":true,"href":"https:\/\/notredamedechine.fr\/index.php?rest_route=\/wp\/v2\/users\/4"}],"replies":[{"embeddable":true,"href":"https:\/\/notredamedechine.fr\/index.php?rest_route=%2Fwp%2Fv2%2Fcomments&post=675"}],"version-history":[{"count":2,"href":"https:\/\/notredamedechine.fr\/index.php?rest_route=\/wp\/v2\/pages\/675\/revisions"}],"predecessor-version":[{"id":679,"href":"https:\/\/notredamedechine.fr\/index.php?rest_route=\/wp\/v2\/pages\/675\/revisions\/679"}],"wp:attachment":[{"href":"https:\/\/notredamedechine.fr\/index.php?rest_route=%2Fwp%2Fv2%2Fmedia&parent=675"}],"curies":[{"name":"wp","href":"https:\/\/api.w.org\/{rel}","templated":true}]}}