{"id":765,"date":"2022-07-17T19:22:26","date_gmt":"2022-07-17T17:22:26","guid":{"rendered":"https:\/\/notredamedechine.fr\/?page_id=765"},"modified":"2022-07-18T12:02:26","modified_gmt":"2022-07-18T10:02:26","slug":"lequipe-de-charite","status":"publish","type":"page","link":"https:\/\/notredamedechine.fr\/?page_id=765","title":{"rendered":"L&rsquo;Equipe de Charit\u00e9"},"content":{"rendered":"\n<p>L&rsquo;\u00e9quipe de charit\u00e9 a \u00e9t\u00e9 form\u00e9e le 8 mars 2021 \u00e0 l&rsquo;initiative du cur\u00e9 et plusieurs paroissiens de Notre Dame de Chine. Pendant les confinements covid de mars \u00e0 juillet, 846 colis alimentaires ont \u00e9t\u00e9 distribu\u00e9s \u00e0 Notre Dame de Chine et \u00e0 Sainte Elisabeth. Pr\u00e8s de 270 personnes ont pu en b\u00e9n\u00e9ficier. L&rsquo;Equipe de charit\u00e9 fournit aujourd&rsquo;hui des services gratuits \u00e0 tous ceux qui en ont besoin tels que la traduction, la coiffure, l&rsquo;enseignement du fran\u00e7ais, les dons exceptionnels, <em>etc. <\/em><\/p>\n\n\n\n<p>Une rencontre conviviale et fraternelle se tient une fois par mois le dimanche \u00e0 Notre Dame de Chine.<\/p>\n\n\n\n<div class=\"wp-block-image\"><figure class=\"alignleft size-large is-resized\"><img loading=\"lazy\" decoding=\"async\" src=\"https:\/\/notredamedechine.fr\/wp-content\/uploads\/2022\/07\/WeChat-Image_20220717191958-1024x768.jpg\" alt=\"\" class=\"wp-image-767\" width=\"390\" height=\"293\" srcset=\"https:\/\/notredamedechine.fr\/wp-content\/uploads\/2022\/07\/WeChat-Image_20220717191958-1024x768.jpg 1024w, https:\/\/notredamedechine.fr\/wp-content\/uploads\/2022\/07\/WeChat-Image_20220717191958-300x225.jpg 300w, https:\/\/notredamedechine.fr\/wp-content\/uploads\/2022\/07\/WeChat-Image_20220717191958-768x576.jpg 768w, https:\/\/notredamedechine.fr\/wp-content\/uploads\/2022\/07\/WeChat-Image_20220717191958.jpg 1440w\" sizes=\"auto, (max-width: 390px) 100vw, 390px\" \/><figcaption>Distribution alimentaire \u00e0 Sainte Elisabeth<\/figcaption><\/figure><\/div>\n\n\n\n<p><\/p>\n\n\n\n<p> <\/p>\n","protected":false},"excerpt":{"rendered":"<p>L&rsquo;\u00e9quipe de charit\u00e9 a \u00e9t\u00e9 form\u00e9e le 8 mars 2021 \u00e0 l&rsquo;initiative du cur\u00e9 et plusieurs paroissiens de Notre Dame de Chine. Pendant les confinements covid de mars \u00e0 juillet, 846 colis alimentaires ont \u00e9t\u00e9 distribu\u00e9s \u00e0 Notre Dame de Chine et \u00e0 Sainte Elisabeth. Pr\u00e8s de 270 personnes ont pu en b\u00e9n\u00e9ficier. L&rsquo;Equipe de [&hellip;]<\/p>\n","protected":false},"author":4,"featured_media":0,"parent":0,"menu_order":0,"comment_status":"closed","ping_status":"closed","template":"","meta":{"footnotes":""},"class_list":["post-765","page","type-page","status-publish","hentry"],"_links":{"self":[{"href":"https:\/\/notredamedechine.fr\/index.php?rest_route=\/wp\/v2\/pages\/765","targetHints":{"allow":["GET"]}}],"collection":[{"href":"https:\/\/notredamedechine.fr\/index.php?rest_route=\/wp\/v2\/pages"}],"about":[{"href":"https:\/\/notredamedechine.fr\/index.php?rest_route=\/wp\/v2\/types\/page"}],"author":[{"embeddable":true,"href":"https:\/\/notredamedechine.fr\/index.php?rest_route=\/wp\/v2\/users\/4"}],"replies":[{"embeddable":true,"href":"https:\/\/notredamedechine.fr\/index.php?rest_route=%2Fwp%2Fv2%2Fcomments&post=765"}],"version-history":[{"count":5,"href":"https:\/\/notredamedechine.fr\/index.php?rest_route=\/wp\/v2\/pages\/765\/revisions"}],"predecessor-version":[{"id":780,"href":"https:\/\/notredamedechine.fr\/index.php?rest_route=\/wp\/v2\/pages\/765\/revisions\/780"}],"wp:attachment":[{"href":"https:\/\/notredamedechine.fr\/index.php?rest_route=%2Fwp%2Fv2%2Fmedia&parent=765"}],"curies":[{"name":"wp","href":"https:\/\/api.w.org\/{rel}","templated":true}]}}